{"id":75438,"date":"2016-05-06T07:00:04","date_gmt":"2016-05-06T07:00:04","guid":{"rendered":"http:\/\/www.guivisa.com\/de\/about-us-2-2-3\/"},"modified":"2017-09-12T12:02:20","modified_gmt":"2017-09-12T12:02:20","slug":"qualitat","status":"publish","type":"page","link":"https:\/\/www.guivisa.com\/de\/qualitat\/","title":{"rendered":"Qualit\u00e4t"},"content":{"rendered":"<p>[vc_row][vc_column][vc_empty_space][\/vc_column][\/vc_row][vc_row css=&#8220;.vc_custom_1432547512827{margin-bottom: 50px !important;}&#8220;][vc_column][vc_custom_heading text=&#8220;Qualit\u00e4ts Politik&#8220; font_container=&#8220;tag:h2|font_size:20|text_align:left|color:%23111111&#8243; el_class=&#8220;heading-title-3&#8243;][\/vc_column][\/vc_row][vc_row][vc_column][vc_column_text]<span lang=\"de-DE\">Guivisa produziert Produkte f\u00fcr einen diversen und anspruchsvollen Markt, mit dem Kompromiss diese nach dessen Vorschriften und Anspr\u00fcchen herzustellen und nach Vertragsangaben und Anforderungen auszuf\u00fchren.<\/span><\/p>\n<p><span lang=\"de-DE\">Daf\u00fcr gibt es eine Organisation, Personal und Instalationen, die durch ein Produktios- und Qualit\u00e4tssystem und Service, zu einer kompletten Kundenzufriedenheit f\u00fchren.<\/span><\/p>\n<p><span lang=\"de-DE\">Diese Organisation f\u00fchrt zu einer kontinuierlichen Verbesserung insbesondere in der Qualit\u00e4t unseres Produkts, wie auch in den Kosten und dem t\u00e4glichem Service f\u00fcr unserer Kunden.<\/span><\/p>\n<p><span lang=\"de-DE\">Die Gesch\u00e4ftsleitung von Guivisa steuert, f\u00f6rdert und partirzipiert an der Einhaltung und Perfektionierung des etablierten Systems unter dem sich die Verringerung des internen Ausschusses, Optimierung der Kosten, Verbesserung unseres Service und die Excellenz in der Kundenbetreuung.<\/span><\/p>\n<p><span lang=\"de-DE\">Guivisa, die Gesch\u00e4ftsleitung f\u00f6rdert die Teilnahme aller Mitarbeiter, und sieht diese als essentiellen Bestandteil der kontinuierlichen Verbesserungsprozesses und der Erzielung der produktiven Effizienz, wie auch das Wohlbefinden aller Personen, Lieferanten und Kunden.<\/span>[\/vc_column_text][\/vc_column][\/vc_row][vc_row][vc_column][vc_empty_space][\/vc_column][\/vc_row][vc_row css=&#8220;.vc_custom_1432547512827{margin-bottom: 50px !important;}&#8220;][vc_column][vc_custom_heading text=&#8220;Zertifizierung&#8220; font_container=&#8220;tag:h2|font_size:20|text_align:left|color:%23111111&#8243; el_class=&#8220;heading-title-3&#8243;][\/vc_column][\/vc_row][vc_row][vc_column width=&#8220;1\/4&#8243;][vc_single_image image=&#8220;74818&#8243; img_size=&#8220;full&#8220; onclick=&#8220;custom_link&#8220; img_link_target=&#8220;_blank&#8220; link=&#8220;http:\/\/www.guivisa.com\/wp-content\/uploads\/2016\/04\/DNV-GL-Certificate-ING.pdf&#8220;][vc_column_text]<\/p>\n<p style=\"text-align: center;\">ISO 9001<\/p>\n<p>[\/vc_column_text][\/vc_column][vc_column width=&#8220;1\/4&#8243;][vc_single_image image=&#8220;74825&#8243; img_size=&#8220;full&#8220; onclick=&#8220;custom_link&#8220; img_link_target=&#8220;_blank&#8220; link=&#8220;http:\/\/www.guivisa.com\/wp-content\/uploads\/2016\/04\/Certificado-ISO-14001.pdf&#8220;][vc_column_text]<\/p>\n<p style=\"text-align: center;\">ISO 14001<\/p>\n<p>[\/vc_column_text][\/vc_column][vc_column width=&#8220;1\/4&#8243;][vc_single_image image=&#8220;74823&#8243; img_size=&#8220;full&#8220; onclick=&#8220;custom_link&#8220; img_link_target=&#8220;_blank&#8220; link=&#8220;http:\/\/www.guivisa.com\/wp-content\/uploads\/2016\/04\/A0258125-AMMM00000AT.pdf&#8220;][vc_column_text]<\/p>\n<p style=\"text-align: center;\">DNV-GL<\/p>\n<p>[\/vc_column_text][\/vc_column][vc_column width=&#8220;1\/4&#8243;][vc_single_image image=&#8220;74819&#8243; img_size=&#8220;full&#8220; onclick=&#8220;custom_link&#8220; img_link_target=&#8220;_blank&#8220; link=&#8220;http:\/\/www.guivisa.com\/wp-content\/uploads\/2016\/04\/S22C-115042314530.pdf&#8220;][vc_column_text]<\/p>\n<p style=\"text-align: center;\">DNV-OS-E304<\/p>\n<p>[\/vc_column_text][\/vc_column][\/vc_row][vc_row css=&#8220;.vc_custom_1460048961114{padding-top: 20px !important;padding-bottom: 20px !important;}&#8220;][vc_column width=&#8220;1\/4&#8243;][vc_single_image image=&#8220;74820&#8243; img_size=&#8220;full&#8220; onclick=&#8220;custom_link&#8220; img_link_target=&#8220;_blank&#8220; link=&#8220;http:\/\/www.guivisa.com\/wp-content\/uploads\/2016\/04\/Solicitud-Guivisa-Mode-II.pdf&#8220;][vc_column_text]<\/p>\n<p style=\"text-align: center;\">Bureau Veritas<\/p>\n<p>[\/vc_column_text][\/vc_column][vc_column width=&#8220;1\/4&#8243;][vc_single_image image=&#8220;74824&#8243; img_size=&#8220;full&#8220; onclick=&#8220;custom_link&#8220; img_link_target=&#8220;_blank&#8220; link=&#8220;http:\/\/www.guivisa.com\/wp-content\/uploads\/2016\/04\/ABS-casting-approval-certificate-24.02.2016.pdf&#8220;][vc_column_text]<\/p>\n<p style=\"text-align: center;\">ABS<\/p>\n<p>[\/vc_column_text][\/vc_column][vc_column width=&#8220;1\/4&#8243;][vc_single_image image=&#8220;74826&#8243; img_size=&#8220;full&#8220; onclick=&#8220;custom_link&#8220; img_link_target=&#8220;_blank&#8220; link=&#8220;http:\/\/www.guivisa.com\/wp-content\/uploads\/2016\/04\/Certificado-LLR-2016.pdf&#8220;][vc_column_text]<\/p>\n<p style=\"text-align: center;\">Lloyd\u00b4s Register<\/p>\n<p>[\/vc_column_text][\/vc_column][vc_column width=&#8220;1\/4&#8243;][vc_single_image image=&#8220;74822&#8243; img_size=&#8220;full&#8220; onclick=&#8220;custom_link&#8220; img_link_target=&#8220;_blank&#8220; link=&#8220;http:\/\/www.guivisa.com\/wp-content\/uploads\/2016\/04\/Zertifikat-EN-15085-2.pdf&#8220;][vc_column_text]<\/p>\n<p style=\"text-align: center;\">DVS<\/p>\n<p>[\/vc_column_text][\/vc_column][\/vc_row][vc_row][vc_column width=&#8220;1\/4&#8243;][vc_single_image image=&#8220;74821&#8243; img_size=&#8220;full&#8220; onclick=&#8220;custom_link&#8220; img_link_target=&#8220;_blank&#8220; link=&#8220;http:\/\/www.guivisa.com\/wp-content\/uploads\/2016\/04\/T\u251c\u00a3V-Rheinland-PED-97-23-EC-en.pdf&#8220;][vc_column_text]<\/p>\n<p style=\"text-align: center;\">TUV<\/p>\n<p>[\/vc_column_text][\/vc_column][vc_column width=&#8220;1\/4&#8243;][vc_single_image image=&#8220;74827&#8243; img_size=&#8220;full&#8220; onclick=&#8220;custom_link&#8220; img_link_target=&#8220;_blank&#8220; link=&#8220;http:\/\/www.guivisa.com\/wp-content\/uploads\/2016\/04\/DB-certificate-2013-2016.pdf&#8220;][vc_column_text]<\/p>\n<p style=\"text-align: center;\">DB<\/p>\n<p>[\/vc_column_text][\/vc_column][vc_column width=&#8220;1\/4&#8243;][vc_single_image image=&#8220;75411&#8243; img_size=&#8220;full&#8220; onclick=&#8220;custom_link&#8220; img_link_target=&#8220;_blank&#8220; link=&#8220;http:\/\/www.guivisa.com\/wp-content\/uploads\/2016\/11\/Certificado-CE.pdf&#8220;][vc_column_text]<\/p>\n<p style=\"text-align: center;\">CE<\/p>\n<p>[\/vc_column_text][\/vc_column][vc_column width=&#8220;1\/4&#8243;][vc_single_image image=&#8220;75410&#8243; img_size=&#8220;full&#8220; onclick=&#8220;custom_link&#8220; img_link_target=&#8220;_blank&#8220; link=&#8220;http:\/\/www.guivisa.com\/wp-content\/uploads\/2016\/11\/Homologacion-Soldadura-SLV-seg\u00fan-DIN-EN-15085-2-2018.pdf&#8220;][vc_column_text]<\/p>\n<p style=\"text-align: center;\">EN 15085-2<\/p>\n<p>[\/vc_column_text][\/vc_column][\/vc_row][vc_row][vc_column][vc_empty_space][\/vc_column][\/vc_row][vc_row css=&#8220;.vc_custom_1432547512827{margin-bottom: 50px !important;}&#8220;][vc_column][vc_custom_heading text=&#8220;LABOR&#8220; font_container=&#8220;tag:h2|font_size:20|text_align:left|color:%23111111&#8243; el_class=&#8220;heading-title-3&#8243;][\/vc_column][\/vc_row][vc_row][vc_column width=&#8220;1\/2&#8243;][vc_column_text]<span lang=\"de-DE\">Wir sind zertifiziert durch die wichtigsten Pr\u00fcfinstitutionen, weiterhin verf\u00fcgen wir \u00fcber ein eigenes Labor in dem wir die Materialqualit\u00e4ten unserer Kunden zertifizieren und in dem wir permanent forschen um unsere Produktionsprozesse zu verbessern.<\/span><\/p>\n<p><span lang=\"de-DE\">Mit unserem Labor und unserem qualifizierten Personal k\u00f6nnen wir folgende Pr\u00fcfungen ausf\u00fchren:<\/span><\/p>\n<ul>\n<li><span lang=\"en-US\">Mechanische Pr\u00fcfung (Charpy Zugfestigkeit)<\/span><\/li>\n<li><span lang=\"en-US\">Pr\u00fcfzeugniss Chemische Zusammensetzung (Spectrometer)<\/span><\/li>\n<li><span lang=\"en-US\">Metallograpie<\/span><\/li>\n<li><span lang=\"en-US\">Magnetpr\u00fcfung (MT)<\/span><\/li>\n<li><span lang=\"en-US\">Ultraschallpr\u00fcfung (UT)<\/span><\/li>\n<li><span lang=\"en-US\">Farbeindringpr\u00fcfung(PT)<\/span><\/li>\n<li><span lang=\"en-US\">3D Masspr\u00fcfung<\/span><\/li>\n<li><span lang=\"en-US\">R\u00f6ntgenpr\u00fcfung<\/span><\/li>\n<\/ul>\n<p>[\/vc_column_text][\/vc_column][vc_column width=&#8220;1\/2&#8243;][vc_single_image image=&#8220;74981&#8243; img_size=&#8220;full&#8220;][\/vc_column][\/vc_row]<\/p>\n","protected":false},"excerpt":{"rendered":"<p>[vc_row][vc_column][vc_empty_space][\/vc_column][\/vc_row][vc_row css=&#8220;.vc_custom_1432547512827{margin-bottom: 50px !important;}&#8220;][vc_column][vc_custom_heading text=&#8220;Qualit\u00e4ts Politik&#8220; font_container=&#8220;tag:h2|font_size:20|text_align:left|color:%23111111&#8243; el_class=&#8220;heading-title-3&#8243;][\/vc_column][\/vc_row][vc_row][vc_column][vc_column_text]Guivisa produziert Produkte f\u00fcr einen diversen und anspruchsvollen Markt, mit dem Kompromiss diese nach dessen Vorschriften und Anspr\u00fcchen herzustellen und nach Vertragsangaben und Anforderungen auszuf\u00fchren. Daf\u00fcr gibt es eine Organisation, Personal und Instalationen, die durch ein Produktios- und Qualit\u00e4tssystem und Service, zu einer kompletten Kundenzufriedenheit f\u00fchren. Diese Organisation [&hellip;]<\/p>\n","protected":false},"author":1,"featured_media":0,"parent":0,"menu_order":0,"comment_status":"closed","ping_status":"closed","template":"","meta":{"footnotes":""},"class_list":["post-75438","page","type-page","status-publish","hentry"],"yoast_head":"<!-- This site is optimized with the Yoast SEO plugin v24.2 - https:\/\/yoast.com\/wordpress\/plugins\/seo\/ -->\n<title>Qualit\u00e4t - Guivisa<\/title>\n<meta name=\"robots\" content=\"index, follow, max-snippet:-1, max-image-preview:large, max-video-preview:-1\" \/>\n<link rel=\"canonical\" href=\"https:\/\/www.guivisa.com\/calidad\/\" \/>\n<meta property=\"og:locale\" content=\"de_DE\" \/>\n<meta property=\"og:type\" content=\"article\" \/>\n<meta property=\"og:title\" content=\"Qualit\u00e4t - Guivisa\" \/>\n<meta property=\"og:description\" content=\"[vc_row][vc_column][vc_empty_space][\/vc_column][\/vc_row][vc_row css=&#8220;.vc_custom_1432547512827{margin-bottom: 50px !important;}&#8220;][vc_column][vc_custom_heading text=&#8220;Qualit\u00e4ts Politik&#8220; font_container=&#8220;tag:h2|font_size:20|text_align:left|color:%23111111&#8243; el_class=&#8220;heading-title-3&#8243;][\/vc_column][\/vc_row][vc_row][vc_column][vc_column_text]Guivisa produziert Produkte f\u00fcr einen diversen und anspruchsvollen Markt, mit dem Kompromiss diese nach dessen Vorschriften und Anspr\u00fcchen herzustellen und nach Vertragsangaben und Anforderungen auszuf\u00fchren. Daf\u00fcr gibt es eine Organisation, Personal und Instalationen, die durch ein Produktios- und Qualit\u00e4tssystem und Service, zu einer kompletten Kundenzufriedenheit f\u00fchren. Diese Organisation [&hellip;]\" \/>\n<meta property=\"og:url\" content=\"https:\/\/www.guivisa.com\/calidad\/\" \/>\n<meta property=\"og:site_name\" content=\"Guivisa\" \/>\n<meta property=\"article:modified_time\" content=\"2017-09-12T12:02:20+00:00\" \/>\n<meta name=\"twitter:card\" content=\"summary_large_image\" \/>\n<meta name=\"twitter:label1\" content=\"Gesch\u00e4tzte Lesezeit\" \/>\n\t<meta name=\"twitter:data1\" content=\"4\u00a0Minuten\" \/>\n<script type=\"application\/ld+json\" class=\"yoast-schema-graph\">{\"@context\":\"https:\/\/schema.org\",\"@graph\":[{\"@type\":\"WebPage\",\"@id\":\"https:\/\/www.guivisa.com\/calidad\/\",\"url\":\"https:\/\/www.guivisa.com\/calidad\/\",\"name\":\"Qualit\u00e4t - Guivisa\",\"isPartOf\":{\"@id\":\"https:\/\/www.guivisa.com\/#website\"},\"datePublished\":\"2016-05-06T07:00:04+00:00\",\"dateModified\":\"2017-09-12T12:02:20+00:00\",\"breadcrumb\":{\"@id\":\"https:\/\/www.guivisa.com\/calidad\/#breadcrumb\"},\"inLanguage\":\"de\",\"potentialAction\":[{\"@type\":\"ReadAction\",\"target\":[\"https:\/\/www.guivisa.com\/calidad\/\"]}]},{\"@type\":\"BreadcrumbList\",\"@id\":\"https:\/\/www.guivisa.com\/calidad\/#breadcrumb\",\"itemListElement\":[{\"@type\":\"ListItem\",\"position\":1,\"name\":\"Portada\",\"item\":\"https:\/\/www.guivisa.com\/de\/\"},{\"@type\":\"ListItem\",\"position\":2,\"name\":\"Qualit\u00e4t\"}]},{\"@type\":\"WebSite\",\"@id\":\"https:\/\/www.guivisa.com\/#website\",\"url\":\"https:\/\/www.guivisa.com\/\",\"name\":\"Guivisa\",\"description\":\"\",\"publisher\":{\"@id\":\"https:\/\/www.guivisa.com\/#organization\"},\"potentialAction\":[{\"@type\":\"SearchAction\",\"target\":{\"@type\":\"EntryPoint\",\"urlTemplate\":\"https:\/\/www.guivisa.com\/?s={search_term_string}\"},\"query-input\":{\"@type\":\"PropertyValueSpecification\",\"valueRequired\":true,\"valueName\":\"search_term_string\"}}],\"inLanguage\":\"de\"},{\"@type\":\"Organization\",\"@id\":\"https:\/\/www.guivisa.com\/#organization\",\"name\":\"Guivisa\",\"url\":\"https:\/\/www.guivisa.com\/\",\"logo\":{\"@type\":\"ImageObject\",\"inLanguage\":\"de\",\"@id\":\"https:\/\/www.guivisa.com\/#\/schema\/logo\/image\/\",\"url\":\"https:\/\/www.guivisa.com\/wp-content\/uploads\/2015\/09\/logo1.png\",\"contentUrl\":\"https:\/\/www.guivisa.com\/wp-content\/uploads\/2015\/09\/logo1.png\",\"width\":356,\"height\":55,\"caption\":\"Guivisa\"},\"image\":{\"@id\":\"https:\/\/www.guivisa.com\/#\/schema\/logo\/image\/\"}}]}<\/script>\n<!-- \/ Yoast SEO plugin. -->","yoast_head_json":{"title":"Qualit\u00e4t - Guivisa","robots":{"index":"index","follow":"follow","max-snippet":"max-snippet:-1","max-image-preview":"max-image-preview:large","max-video-preview":"max-video-preview:-1"},"canonical":"https:\/\/www.guivisa.com\/calidad\/","og_locale":"de_DE","og_type":"article","og_title":"Qualit\u00e4t - Guivisa","og_description":"[vc_row][vc_column][vc_empty_space][\/vc_column][\/vc_row][vc_row css=&#8220;.vc_custom_1432547512827{margin-bottom: 50px !important;}&#8220;][vc_column][vc_custom_heading text=&#8220;Qualit\u00e4ts Politik&#8220; font_container=&#8220;tag:h2|font_size:20|text_align:left|color:%23111111&#8243; el_class=&#8220;heading-title-3&#8243;][\/vc_column][\/vc_row][vc_row][vc_column][vc_column_text]Guivisa produziert Produkte f\u00fcr einen diversen und anspruchsvollen Markt, mit dem Kompromiss diese nach dessen Vorschriften und Anspr\u00fcchen herzustellen und nach Vertragsangaben und Anforderungen auszuf\u00fchren. Daf\u00fcr gibt es eine Organisation, Personal und Instalationen, die durch ein Produktios- und Qualit\u00e4tssystem und Service, zu einer kompletten Kundenzufriedenheit f\u00fchren. Diese Organisation [&hellip;]","og_url":"https:\/\/www.guivisa.com\/calidad\/","og_site_name":"Guivisa","article_modified_time":"2017-09-12T12:02:20+00:00","twitter_card":"summary_large_image","twitter_misc":{"Gesch\u00e4tzte Lesezeit":"4\u00a0Minuten"},"schema":{"@context":"https:\/\/schema.org","@graph":[{"@type":"WebPage","@id":"https:\/\/www.guivisa.com\/calidad\/","url":"https:\/\/www.guivisa.com\/calidad\/","name":"Qualit\u00e4t - Guivisa","isPartOf":{"@id":"https:\/\/www.guivisa.com\/#website"},"datePublished":"2016-05-06T07:00:04+00:00","dateModified":"2017-09-12T12:02:20+00:00","breadcrumb":{"@id":"https:\/\/www.guivisa.com\/calidad\/#breadcrumb"},"inLanguage":"de","potentialAction":[{"@type":"ReadAction","target":["https:\/\/www.guivisa.com\/calidad\/"]}]},{"@type":"BreadcrumbList","@id":"https:\/\/www.guivisa.com\/calidad\/#breadcrumb","itemListElement":[{"@type":"ListItem","position":1,"name":"Portada","item":"https:\/\/www.guivisa.com\/de\/"},{"@type":"ListItem","position":2,"name":"Qualit\u00e4t"}]},{"@type":"WebSite","@id":"https:\/\/www.guivisa.com\/#website","url":"https:\/\/www.guivisa.com\/","name":"Guivisa","description":"","publisher":{"@id":"https:\/\/www.guivisa.com\/#organization"},"potentialAction":[{"@type":"SearchAction","target":{"@type":"EntryPoint","urlTemplate":"https:\/\/www.guivisa.com\/?s={search_term_string}"},"query-input":{"@type":"PropertyValueSpecification","valueRequired":true,"valueName":"search_term_string"}}],"inLanguage":"de"},{"@type":"Organization","@id":"https:\/\/www.guivisa.com\/#organization","name":"Guivisa","url":"https:\/\/www.guivisa.com\/","logo":{"@type":"ImageObject","inLanguage":"de","@id":"https:\/\/www.guivisa.com\/#\/schema\/logo\/image\/","url":"https:\/\/www.guivisa.com\/wp-content\/uploads\/2015\/09\/logo1.png","contentUrl":"https:\/\/www.guivisa.com\/wp-content\/uploads\/2015\/09\/logo1.png","width":356,"height":55,"caption":"Guivisa"},"image":{"@id":"https:\/\/www.guivisa.com\/#\/schema\/logo\/image\/"}}]}},"_links":{"self":[{"href":"https:\/\/www.guivisa.com\/de\/wp-json\/wp\/v2\/pages\/75438","targetHints":{"allow":["GET"]}}],"collection":[{"href":"https:\/\/www.guivisa.com\/de\/wp-json\/wp\/v2\/pages"}],"about":[{"href":"https:\/\/www.guivisa.com\/de\/wp-json\/wp\/v2\/types\/page"}],"author":[{"embeddable":true,"href":"https:\/\/www.guivisa.com\/de\/wp-json\/wp\/v2\/users\/1"}],"replies":[{"embeddable":true,"href":"https:\/\/www.guivisa.com\/de\/wp-json\/wp\/v2\/comments?post=75438"}],"version-history":[{"count":4,"href":"https:\/\/www.guivisa.com\/de\/wp-json\/wp\/v2\/pages\/75438\/revisions"}],"predecessor-version":[{"id":75603,"href":"https:\/\/www.guivisa.com\/de\/wp-json\/wp\/v2\/pages\/75438\/revisions\/75603"}],"wp:attachment":[{"href":"https:\/\/www.guivisa.com\/de\/wp-json\/wp\/v2\/media?parent=75438"}],"curies":[{"name":"wp","href":"https:\/\/api.w.org\/{rel}","templated":true}]}}