{"id":75441,"date":"2016-06-15T08:47:12","date_gmt":"2016-06-15T08:47:12","guid":{"rendered":"http:\/\/www.guivisa.com\/de\/qualitats\/about-us-2-2-2-2\/"},"modified":"2017-03-01T08:38:55","modified_gmt":"2017-03-01T08:38:55","slug":"labor","status":"publish","type":"page","link":"https:\/\/www.guivisa.com\/de\/qualitat\/labor\/","title":{"rendered":"Labor"},"content":{"rendered":"<p>[vc_row css=&#8220;.vc_custom_1432547512827{margin-bottom: 50px !important;}&#8220;][vc_column][vc_custom_heading text=&#8220;LABOR&#8220; font_container=&#8220;tag:h2|font_size:20|text_align:left|color:%23111111&#8243; el_class=&#8220;heading-title-3&#8243;][\/vc_column][\/vc_row][vc_row][vc_column width=&#8220;1\/2&#8243;][vc_column_text]<span lang=\"de-DE\">Wir sind zertifiziert durch die wichtigsten Pr\u00fcfinstitutionen, weiterhin verf\u00fcgen wir \u00fcber ein eigenes Labor in dem wir die Materialqualit\u00e4ten unserer Kunden zertifizieren und in dem wir permanent forschen um unsere Produktionsprozesse zu verbessern.<\/span><\/p>\n<p><span lang=\"de-DE\">Mit unserem Labor und unserem qualifizierten Personal k\u00f6nnen wir folgende Pr\u00fcfungen ausf\u00fchren:<\/span><\/p>\n<ul>\n<li><span lang=\"en-US\">Mechanische Pr\u00fcfung (Charpy Zugfestigkeit)<\/span><\/li>\n<li><span lang=\"en-US\">Pr\u00fcfzeugniss Chemische Zusammensetzung (Spektrometer)<\/span><\/li>\n<li><span lang=\"en-US\">Metalographie<\/span><\/li>\n<li><span lang=\"en-US\">Magnetpr\u00fcfung (MT)<\/span><\/li>\n<li><span lang=\"en-US\">Ultraschallpr\u00fcfung (UT)<\/span><\/li>\n<li><span lang=\"en-US\">Farbeindringpr\u00fcfung(PT)<\/span><\/li>\n<li><span lang=\"en-US\">3D Masspr\u00fcfung<\/span><\/li>\n<li><span lang=\"en-US\">R\u00f6ntgenpr\u00fcfung<\/span><\/li>\n<\/ul>\n<p>[\/vc_column_text][\/vc_column][vc_column width=&#8220;1\/2&#8243;][vc_single_image image=&#8220;74981&#8243; img_size=&#8220;full&#8220;][\/vc_column][\/vc_row]<\/p>\n","protected":false},"excerpt":{"rendered":"<p>[vc_row css=&#8220;.vc_custom_1432547512827{margin-bottom: 50px !important;}&#8220;][vc_column][vc_custom_heading text=&#8220;LABOR&#8220; font_container=&#8220;tag:h2|font_size:20|text_align:left|color:%23111111&#8243; el_class=&#8220;heading-title-3&#8243;][\/vc_column][\/vc_row][vc_row][vc_column width=&#8220;1\/2&#8243;][vc_column_text]Wir sind zertifiziert durch die wichtigsten Pr\u00fcfinstitutionen, weiterhin verf\u00fcgen wir \u00fcber ein eigenes Labor in dem wir die Materialqualit\u00e4ten unserer Kunden zertifizieren und in dem wir permanent forschen um unsere Produktionsprozesse zu verbessern. Mit unserem Labor und unserem qualifizierten Personal k\u00f6nnen wir folgende Pr\u00fcfungen ausf\u00fchren: Mechanische Pr\u00fcfung (Charpy [&hellip;]<\/p>\n","protected":false},"author":1,"featured_media":0,"parent":75438,"menu_order":0,"comment_status":"closed","ping_status":"closed","template":"","meta":{"footnotes":""},"class_list":["post-75441","page","type-page","status-publish","hentry"],"yoast_head":"<!-- This site is optimized with the Yoast SEO plugin v24.2 - https:\/\/yoast.com\/wordpress\/plugins\/seo\/ -->\n<title>Labor - Guivisa<\/title>\n<meta name=\"robots\" content=\"index, follow, max-snippet:-1, max-image-preview:large, max-video-preview:-1\" \/>\n<link rel=\"canonical\" href=\"https:\/\/www.guivisa.com\/calidad\/laboratorio\/\" \/>\n<meta property=\"og:locale\" content=\"de_DE\" \/>\n<meta property=\"og:type\" content=\"article\" \/>\n<meta property=\"og:title\" content=\"Labor - Guivisa\" \/>\n<meta property=\"og:description\" content=\"[vc_row css=&#8220;.vc_custom_1432547512827{margin-bottom: 50px !important;}&#8220;][vc_column][vc_custom_heading text=&#8220;LABOR&#8220; font_container=&#8220;tag:h2|font_size:20|text_align:left|color:%23111111&#8243; el_class=&#8220;heading-title-3&#8243;][\/vc_column][\/vc_row][vc_row][vc_column width=&#8220;1\/2&#8243;][vc_column_text]Wir sind zertifiziert durch die wichtigsten Pr\u00fcfinstitutionen, weiterhin verf\u00fcgen wir \u00fcber ein eigenes Labor in dem wir die Materialqualit\u00e4ten unserer Kunden zertifizieren und in dem wir permanent forschen um unsere Produktionsprozesse zu verbessern. Mit unserem Labor und unserem qualifizierten Personal k\u00f6nnen wir folgende Pr\u00fcfungen ausf\u00fchren: Mechanische Pr\u00fcfung (Charpy [&hellip;]\" \/>\n<meta property=\"og:url\" content=\"https:\/\/www.guivisa.com\/calidad\/laboratorio\/\" \/>\n<meta property=\"og:site_name\" content=\"Guivisa\" \/>\n<meta property=\"article:modified_time\" content=\"2017-03-01T08:38:55+00:00\" \/>\n<meta name=\"twitter:card\" content=\"summary_large_image\" \/>\n<meta name=\"twitter:label1\" content=\"Gesch\u00e4tzte Lesezeit\" \/>\n\t<meta name=\"twitter:data1\" content=\"1\u00a0Minute\" \/>\n<script type=\"application\/ld+json\" class=\"yoast-schema-graph\">{\"@context\":\"https:\/\/schema.org\",\"@graph\":[{\"@type\":\"WebPage\",\"@id\":\"https:\/\/www.guivisa.com\/calidad\/laboratorio\/\",\"url\":\"https:\/\/www.guivisa.com\/calidad\/laboratorio\/\",\"name\":\"Labor - Guivisa\",\"isPartOf\":{\"@id\":\"https:\/\/www.guivisa.com\/#website\"},\"datePublished\":\"2016-06-15T08:47:12+00:00\",\"dateModified\":\"2017-03-01T08:38:55+00:00\",\"breadcrumb\":{\"@id\":\"https:\/\/www.guivisa.com\/calidad\/laboratorio\/#breadcrumb\"},\"inLanguage\":\"de\",\"potentialAction\":[{\"@type\":\"ReadAction\",\"target\":[\"https:\/\/www.guivisa.com\/calidad\/laboratorio\/\"]}]},{\"@type\":\"BreadcrumbList\",\"@id\":\"https:\/\/www.guivisa.com\/calidad\/laboratorio\/#breadcrumb\",\"itemListElement\":[{\"@type\":\"ListItem\",\"position\":1,\"name\":\"Portada\",\"item\":\"https:\/\/www.guivisa.com\/de\/\"},{\"@type\":\"ListItem\",\"position\":2,\"name\":\"Qualit\u00e4t\",\"item\":\"https:\/\/www.guivisa.com\/calidad\/\"},{\"@type\":\"ListItem\",\"position\":3,\"name\":\"Labor\"}]},{\"@type\":\"WebSite\",\"@id\":\"https:\/\/www.guivisa.com\/#website\",\"url\":\"https:\/\/www.guivisa.com\/\",\"name\":\"Guivisa\",\"description\":\"\",\"publisher\":{\"@id\":\"https:\/\/www.guivisa.com\/#organization\"},\"potentialAction\":[{\"@type\":\"SearchAction\",\"target\":{\"@type\":\"EntryPoint\",\"urlTemplate\":\"https:\/\/www.guivisa.com\/?s={search_term_string}\"},\"query-input\":{\"@type\":\"PropertyValueSpecification\",\"valueRequired\":true,\"valueName\":\"search_term_string\"}}],\"inLanguage\":\"de\"},{\"@type\":\"Organization\",\"@id\":\"https:\/\/www.guivisa.com\/#organization\",\"name\":\"Guivisa\",\"url\":\"https:\/\/www.guivisa.com\/\",\"logo\":{\"@type\":\"ImageObject\",\"inLanguage\":\"de\",\"@id\":\"https:\/\/www.guivisa.com\/#\/schema\/logo\/image\/\",\"url\":\"https:\/\/www.guivisa.com\/wp-content\/uploads\/2015\/09\/logo1.png\",\"contentUrl\":\"https:\/\/www.guivisa.com\/wp-content\/uploads\/2015\/09\/logo1.png\",\"width\":356,\"height\":55,\"caption\":\"Guivisa\"},\"image\":{\"@id\":\"https:\/\/www.guivisa.com\/#\/schema\/logo\/image\/\"}}]}<\/script>\n<!-- \/ Yoast SEO plugin. -->","yoast_head_json":{"title":"Labor - Guivisa","robots":{"index":"index","follow":"follow","max-snippet":"max-snippet:-1","max-image-preview":"max-image-preview:large","max-video-preview":"max-video-preview:-1"},"canonical":"https:\/\/www.guivisa.com\/calidad\/laboratorio\/","og_locale":"de_DE","og_type":"article","og_title":"Labor - Guivisa","og_description":"[vc_row css=&#8220;.vc_custom_1432547512827{margin-bottom: 50px !important;}&#8220;][vc_column][vc_custom_heading text=&#8220;LABOR&#8220; font_container=&#8220;tag:h2|font_size:20|text_align:left|color:%23111111&#8243; el_class=&#8220;heading-title-3&#8243;][\/vc_column][\/vc_row][vc_row][vc_column width=&#8220;1\/2&#8243;][vc_column_text]Wir sind zertifiziert durch die wichtigsten Pr\u00fcfinstitutionen, weiterhin verf\u00fcgen wir \u00fcber ein eigenes Labor in dem wir die Materialqualit\u00e4ten unserer Kunden zertifizieren und in dem wir permanent forschen um unsere Produktionsprozesse zu verbessern. Mit unserem Labor und unserem qualifizierten Personal k\u00f6nnen wir folgende Pr\u00fcfungen ausf\u00fchren: Mechanische Pr\u00fcfung (Charpy [&hellip;]","og_url":"https:\/\/www.guivisa.com\/calidad\/laboratorio\/","og_site_name":"Guivisa","article_modified_time":"2017-03-01T08:38:55+00:00","twitter_card":"summary_large_image","twitter_misc":{"Gesch\u00e4tzte Lesezeit":"1\u00a0Minute"},"schema":{"@context":"https:\/\/schema.org","@graph":[{"@type":"WebPage","@id":"https:\/\/www.guivisa.com\/calidad\/laboratorio\/","url":"https:\/\/www.guivisa.com\/calidad\/laboratorio\/","name":"Labor - Guivisa","isPartOf":{"@id":"https:\/\/www.guivisa.com\/#website"},"datePublished":"2016-06-15T08:47:12+00:00","dateModified":"2017-03-01T08:38:55+00:00","breadcrumb":{"@id":"https:\/\/www.guivisa.com\/calidad\/laboratorio\/#breadcrumb"},"inLanguage":"de","potentialAction":[{"@type":"ReadAction","target":["https:\/\/www.guivisa.com\/calidad\/laboratorio\/"]}]},{"@type":"BreadcrumbList","@id":"https:\/\/www.guivisa.com\/calidad\/laboratorio\/#breadcrumb","itemListElement":[{"@type":"ListItem","position":1,"name":"Portada","item":"https:\/\/www.guivisa.com\/de\/"},{"@type":"ListItem","position":2,"name":"Qualit\u00e4t","item":"https:\/\/www.guivisa.com\/calidad\/"},{"@type":"ListItem","position":3,"name":"Labor"}]},{"@type":"WebSite","@id":"https:\/\/www.guivisa.com\/#website","url":"https:\/\/www.guivisa.com\/","name":"Guivisa","description":"","publisher":{"@id":"https:\/\/www.guivisa.com\/#organization"},"potentialAction":[{"@type":"SearchAction","target":{"@type":"EntryPoint","urlTemplate":"https:\/\/www.guivisa.com\/?s={search_term_string}"},"query-input":{"@type":"PropertyValueSpecification","valueRequired":true,"valueName":"search_term_string"}}],"inLanguage":"de"},{"@type":"Organization","@id":"https:\/\/www.guivisa.com\/#organization","name":"Guivisa","url":"https:\/\/www.guivisa.com\/","logo":{"@type":"ImageObject","inLanguage":"de","@id":"https:\/\/www.guivisa.com\/#\/schema\/logo\/image\/","url":"https:\/\/www.guivisa.com\/wp-content\/uploads\/2015\/09\/logo1.png","contentUrl":"https:\/\/www.guivisa.com\/wp-content\/uploads\/2015\/09\/logo1.png","width":356,"height":55,"caption":"Guivisa"},"image":{"@id":"https:\/\/www.guivisa.com\/#\/schema\/logo\/image\/"}}]}},"_links":{"self":[{"href":"https:\/\/www.guivisa.com\/de\/wp-json\/wp\/v2\/pages\/75441","targetHints":{"allow":["GET"]}}],"collection":[{"href":"https:\/\/www.guivisa.com\/de\/wp-json\/wp\/v2\/pages"}],"about":[{"href":"https:\/\/www.guivisa.com\/de\/wp-json\/wp\/v2\/types\/page"}],"author":[{"embeddable":true,"href":"https:\/\/www.guivisa.com\/de\/wp-json\/wp\/v2\/users\/1"}],"replies":[{"embeddable":true,"href":"https:\/\/www.guivisa.com\/de\/wp-json\/wp\/v2\/comments?post=75441"}],"version-history":[{"count":2,"href":"https:\/\/www.guivisa.com\/de\/wp-json\/wp\/v2\/pages\/75441\/revisions"}],"predecessor-version":[{"id":75595,"href":"https:\/\/www.guivisa.com\/de\/wp-json\/wp\/v2\/pages\/75441\/revisions\/75595"}],"up":[{"embeddable":true,"href":"https:\/\/www.guivisa.com\/de\/wp-json\/wp\/v2\/pages\/75438"}],"wp:attachment":[{"href":"https:\/\/www.guivisa.com\/de\/wp-json\/wp\/v2\/media?parent=75441"}],"curies":[{"name":"wp","href":"https:\/\/api.w.org\/{rel}","templated":true}]}}