{"id":75443,"date":"2016-04-15T06:55:39","date_gmt":"2016-04-15T06:55:39","guid":{"rendered":"http:\/\/www.guivisa.com\/de\/qualitats\/about-us-2-2-2\/"},"modified":"2017-02-14T10:51:12","modified_gmt":"2017-02-14T10:51:12","slug":"qualitats-politik","status":"publish","type":"page","link":"https:\/\/www.guivisa.com\/de\/qualitat\/qualitats-politik\/","title":{"rendered":"Qualit\u00e4ts Politik"},"content":{"rendered":"<p>[vc_row css=&#8220;.vc_custom_1432547512827{margin-bottom: 50px !important;}&#8220;][vc_column][vc_custom_heading text=&#8220;Qualit\u00e4ts Politik&#8220; font_container=&#8220;tag:h2|font_size:20|text_align:left|color:%23111111&#8243; el_class=&#8220;heading-title-3&#8243;][\/vc_column][\/vc_row][vc_row][vc_column][vc_column_text]<span lang=\"de-DE\">Guivisa produziert Produkte f\u00fcr einen diversen und anspruchsvollen Markt, mit dem Kompromiss diese nach dessen Vorschriften und Anspr\u00fcchen herzustellen und nach Vertragsangaben und Anforderungen auszuf\u00fchren.<\/span><\/p>\n<p><span lang=\"de-DE\">Daf\u00fcr gibt es eine Organisation, Personal und Instalationen, die durch ein Produktios- und Qualit\u00e4tssystem und Service, zu einer kompletten Kundenzufriedenheit f\u00fchren.<\/span><\/p>\n<p><span lang=\"de-DE\">Diese Organisation f\u00fchrt zu einer kontinuierlichen Verbesserung insbesondere in der Qualit\u00e4t unseres Produkts, wie auch in den Kosten und dem t\u00e4glichem Service f\u00fcr unserer Kunden.<\/span><\/p>\n<p><span lang=\"de-DE\">Die Gesch\u00e4ftsleitung von Guivisa steuert, f\u00f6rdert und partirzipiert an der Einhaltung und Perfektionierung des etablierten Systems unter dem sich die Verringerung des internen Ausschusses, Optimierung der Kosten, Verbesserung unseres Service und die Excellenz in der Kundenbetreuung.<\/span><\/p>\n<p><span lang=\"de-DE\">Guivisa, die Gesch\u00e4ftsleitung f\u00f6rdert die Teilnahme aller Mitarbeiter, und sieht diese als essentiellen Bestandteil der kontinuierlichen Verbesserungsprozesses und der Erzielung der produktiven Effizienz, wie auch das Wohlbefinden aller Personen, Lieferanten und Kunden.<\/span>[\/vc_column_text][\/vc_column][\/vc_row]<\/p>\n","protected":false},"excerpt":{"rendered":"<p>[vc_row css=&#8220;.vc_custom_1432547512827{margin-bottom: 50px !important;}&#8220;][vc_column][vc_custom_heading text=&#8220;Qualit\u00e4ts Politik&#8220; font_container=&#8220;tag:h2|font_size:20|text_align:left|color:%23111111&#8243; el_class=&#8220;heading-title-3&#8243;][\/vc_column][\/vc_row][vc_row][vc_column][vc_column_text]Guivisa produziert Produkte f\u00fcr einen diversen und anspruchsvollen Markt, mit dem Kompromiss diese nach dessen Vorschriften und Anspr\u00fcchen herzustellen und nach Vertragsangaben und Anforderungen auszuf\u00fchren. Daf\u00fcr gibt es eine Organisation, Personal und Instalationen, die durch ein Produktios- und Qualit\u00e4tssystem und Service, zu einer kompletten Kundenzufriedenheit f\u00fchren. Diese Organisation [&hellip;]<\/p>\n","protected":false},"author":1,"featured_media":0,"parent":75438,"menu_order":0,"comment_status":"closed","ping_status":"closed","template":"","meta":{"footnotes":""},"class_list":["post-75443","page","type-page","status-publish","hentry"],"yoast_head":"<!-- This site is optimized with the Yoast SEO plugin v24.2 - https:\/\/yoast.com\/wordpress\/plugins\/seo\/ -->\n<title>Qualit\u00e4ts Politik - Guivisa<\/title>\n<meta name=\"robots\" content=\"index, follow, max-snippet:-1, max-image-preview:large, max-video-preview:-1\" \/>\n<link rel=\"canonical\" href=\"https:\/\/www.guivisa.com\/calidad\/politica-de-calidad\/\" \/>\n<meta property=\"og:locale\" content=\"de_DE\" \/>\n<meta property=\"og:type\" content=\"article\" \/>\n<meta property=\"og:title\" content=\"Qualit\u00e4ts Politik - Guivisa\" \/>\n<meta property=\"og:description\" content=\"[vc_row css=&#8220;.vc_custom_1432547512827{margin-bottom: 50px !important;}&#8220;][vc_column][vc_custom_heading text=&#8220;Qualit\u00e4ts Politik&#8220; font_container=&#8220;tag:h2|font_size:20|text_align:left|color:%23111111&#8243; el_class=&#8220;heading-title-3&#8243;][\/vc_column][\/vc_row][vc_row][vc_column][vc_column_text]Guivisa produziert Produkte f\u00fcr einen diversen und anspruchsvollen Markt, mit dem Kompromiss diese nach dessen Vorschriften und Anspr\u00fcchen herzustellen und nach Vertragsangaben und Anforderungen auszuf\u00fchren. Daf\u00fcr gibt es eine Organisation, Personal und Instalationen, die durch ein Produktios- und Qualit\u00e4tssystem und Service, zu einer kompletten Kundenzufriedenheit f\u00fchren. Diese Organisation [&hellip;]\" \/>\n<meta property=\"og:url\" content=\"https:\/\/www.guivisa.com\/calidad\/politica-de-calidad\/\" \/>\n<meta property=\"og:site_name\" content=\"Guivisa\" \/>\n<meta property=\"article:modified_time\" content=\"2017-02-14T10:51:12+00:00\" \/>\n<meta name=\"twitter:card\" content=\"summary_large_image\" \/>\n<meta name=\"twitter:label1\" content=\"Gesch\u00e4tzte Lesezeit\" \/>\n\t<meta name=\"twitter:data1\" content=\"1\u00a0Minute\" \/>\n<script type=\"application\/ld+json\" class=\"yoast-schema-graph\">{\"@context\":\"https:\/\/schema.org\",\"@graph\":[{\"@type\":\"WebPage\",\"@id\":\"https:\/\/www.guivisa.com\/calidad\/politica-de-calidad\/\",\"url\":\"https:\/\/www.guivisa.com\/calidad\/politica-de-calidad\/\",\"name\":\"Qualit\u00e4ts Politik - Guivisa\",\"isPartOf\":{\"@id\":\"https:\/\/www.guivisa.com\/#website\"},\"datePublished\":\"2016-04-15T06:55:39+00:00\",\"dateModified\":\"2017-02-14T10:51:12+00:00\",\"breadcrumb\":{\"@id\":\"https:\/\/www.guivisa.com\/calidad\/politica-de-calidad\/#breadcrumb\"},\"inLanguage\":\"de\",\"potentialAction\":[{\"@type\":\"ReadAction\",\"target\":[\"https:\/\/www.guivisa.com\/calidad\/politica-de-calidad\/\"]}]},{\"@type\":\"BreadcrumbList\",\"@id\":\"https:\/\/www.guivisa.com\/calidad\/politica-de-calidad\/#breadcrumb\",\"itemListElement\":[{\"@type\":\"ListItem\",\"position\":1,\"name\":\"Portada\",\"item\":\"https:\/\/www.guivisa.com\/de\/\"},{\"@type\":\"ListItem\",\"position\":2,\"name\":\"Qualit\u00e4t\",\"item\":\"https:\/\/www.guivisa.com\/calidad\/\"},{\"@type\":\"ListItem\",\"position\":3,\"name\":\"Qualit\u00e4ts Politik\"}]},{\"@type\":\"WebSite\",\"@id\":\"https:\/\/www.guivisa.com\/#website\",\"url\":\"https:\/\/www.guivisa.com\/\",\"name\":\"Guivisa\",\"description\":\"\",\"publisher\":{\"@id\":\"https:\/\/www.guivisa.com\/#organization\"},\"potentialAction\":[{\"@type\":\"SearchAction\",\"target\":{\"@type\":\"EntryPoint\",\"urlTemplate\":\"https:\/\/www.guivisa.com\/?s={search_term_string}\"},\"query-input\":{\"@type\":\"PropertyValueSpecification\",\"valueRequired\":true,\"valueName\":\"search_term_string\"}}],\"inLanguage\":\"de\"},{\"@type\":\"Organization\",\"@id\":\"https:\/\/www.guivisa.com\/#organization\",\"name\":\"Guivisa\",\"url\":\"https:\/\/www.guivisa.com\/\",\"logo\":{\"@type\":\"ImageObject\",\"inLanguage\":\"de\",\"@id\":\"https:\/\/www.guivisa.com\/#\/schema\/logo\/image\/\",\"url\":\"https:\/\/www.guivisa.com\/wp-content\/uploads\/2015\/09\/logo1.png\",\"contentUrl\":\"https:\/\/www.guivisa.com\/wp-content\/uploads\/2015\/09\/logo1.png\",\"width\":356,\"height\":55,\"caption\":\"Guivisa\"},\"image\":{\"@id\":\"https:\/\/www.guivisa.com\/#\/schema\/logo\/image\/\"}}]}<\/script>\n<!-- \/ Yoast SEO plugin. -->","yoast_head_json":{"title":"Qualit\u00e4ts Politik - Guivisa","robots":{"index":"index","follow":"follow","max-snippet":"max-snippet:-1","max-image-preview":"max-image-preview:large","max-video-preview":"max-video-preview:-1"},"canonical":"https:\/\/www.guivisa.com\/calidad\/politica-de-calidad\/","og_locale":"de_DE","og_type":"article","og_title":"Qualit\u00e4ts Politik - Guivisa","og_description":"[vc_row css=&#8220;.vc_custom_1432547512827{margin-bottom: 50px !important;}&#8220;][vc_column][vc_custom_heading text=&#8220;Qualit\u00e4ts Politik&#8220; font_container=&#8220;tag:h2|font_size:20|text_align:left|color:%23111111&#8243; el_class=&#8220;heading-title-3&#8243;][\/vc_column][\/vc_row][vc_row][vc_column][vc_column_text]Guivisa produziert Produkte f\u00fcr einen diversen und anspruchsvollen Markt, mit dem Kompromiss diese nach dessen Vorschriften und Anspr\u00fcchen herzustellen und nach Vertragsangaben und Anforderungen auszuf\u00fchren. Daf\u00fcr gibt es eine Organisation, Personal und Instalationen, die durch ein Produktios- und Qualit\u00e4tssystem und Service, zu einer kompletten Kundenzufriedenheit f\u00fchren. Diese Organisation [&hellip;]","og_url":"https:\/\/www.guivisa.com\/calidad\/politica-de-calidad\/","og_site_name":"Guivisa","article_modified_time":"2017-02-14T10:51:12+00:00","twitter_card":"summary_large_image","twitter_misc":{"Gesch\u00e4tzte Lesezeit":"1\u00a0Minute"},"schema":{"@context":"https:\/\/schema.org","@graph":[{"@type":"WebPage","@id":"https:\/\/www.guivisa.com\/calidad\/politica-de-calidad\/","url":"https:\/\/www.guivisa.com\/calidad\/politica-de-calidad\/","name":"Qualit\u00e4ts Politik - Guivisa","isPartOf":{"@id":"https:\/\/www.guivisa.com\/#website"},"datePublished":"2016-04-15T06:55:39+00:00","dateModified":"2017-02-14T10:51:12+00:00","breadcrumb":{"@id":"https:\/\/www.guivisa.com\/calidad\/politica-de-calidad\/#breadcrumb"},"inLanguage":"de","potentialAction":[{"@type":"ReadAction","target":["https:\/\/www.guivisa.com\/calidad\/politica-de-calidad\/"]}]},{"@type":"BreadcrumbList","@id":"https:\/\/www.guivisa.com\/calidad\/politica-de-calidad\/#breadcrumb","itemListElement":[{"@type":"ListItem","position":1,"name":"Portada","item":"https:\/\/www.guivisa.com\/de\/"},{"@type":"ListItem","position":2,"name":"Qualit\u00e4t","item":"https:\/\/www.guivisa.com\/calidad\/"},{"@type":"ListItem","position":3,"name":"Qualit\u00e4ts Politik"}]},{"@type":"WebSite","@id":"https:\/\/www.guivisa.com\/#website","url":"https:\/\/www.guivisa.com\/","name":"Guivisa","description":"","publisher":{"@id":"https:\/\/www.guivisa.com\/#organization"},"potentialAction":[{"@type":"SearchAction","target":{"@type":"EntryPoint","urlTemplate":"https:\/\/www.guivisa.com\/?s={search_term_string}"},"query-input":{"@type":"PropertyValueSpecification","valueRequired":true,"valueName":"search_term_string"}}],"inLanguage":"de"},{"@type":"Organization","@id":"https:\/\/www.guivisa.com\/#organization","name":"Guivisa","url":"https:\/\/www.guivisa.com\/","logo":{"@type":"ImageObject","inLanguage":"de","@id":"https:\/\/www.guivisa.com\/#\/schema\/logo\/image\/","url":"https:\/\/www.guivisa.com\/wp-content\/uploads\/2015\/09\/logo1.png","contentUrl":"https:\/\/www.guivisa.com\/wp-content\/uploads\/2015\/09\/logo1.png","width":356,"height":55,"caption":"Guivisa"},"image":{"@id":"https:\/\/www.guivisa.com\/#\/schema\/logo\/image\/"}}]}},"_links":{"self":[{"href":"https:\/\/www.guivisa.com\/de\/wp-json\/wp\/v2\/pages\/75443","targetHints":{"allow":["GET"]}}],"collection":[{"href":"https:\/\/www.guivisa.com\/de\/wp-json\/wp\/v2\/pages"}],"about":[{"href":"https:\/\/www.guivisa.com\/de\/wp-json\/wp\/v2\/types\/page"}],"author":[{"embeddable":true,"href":"https:\/\/www.guivisa.com\/de\/wp-json\/wp\/v2\/users\/1"}],"replies":[{"embeddable":true,"href":"https:\/\/www.guivisa.com\/de\/wp-json\/wp\/v2\/comments?post=75443"}],"version-history":[{"count":2,"href":"https:\/\/www.guivisa.com\/de\/wp-json\/wp\/v2\/pages\/75443\/revisions"}],"predecessor-version":[{"id":75445,"href":"https:\/\/www.guivisa.com\/de\/wp-json\/wp\/v2\/pages\/75443\/revisions\/75445"}],"up":[{"embeddable":true,"href":"https:\/\/www.guivisa.com\/de\/wp-json\/wp\/v2\/pages\/75438"}],"wp:attachment":[{"href":"https:\/\/www.guivisa.com\/de\/wp-json\/wp\/v2\/media?parent=75443"}],"curies":[{"name":"wp","href":"https:\/\/api.w.org\/{rel}","templated":true}]}}