{"id":75446,"date":"2016-04-15T07:20:36","date_gmt":"2016-04-15T07:20:36","guid":{"rendered":"http:\/\/www.guivisa.com\/de\/homepage-07-2-2-2\/"},"modified":"2017-02-15T08:55:50","modified_gmt":"2017-02-15T08:55:50","slug":"forschung-und-entwicklung","status":"publish","type":"page","link":"https:\/\/www.guivisa.com\/de\/forschung-und-entwicklung\/","title":{"rendered":"F &#038; E"},"content":{"rendered":"<p>[vc_row el_class=&#8220;align-center services services-2&#8243; css=&#8220;.vc_custom_1457710614378{padding-top: 60px !important;padding-bottom: 60px !important;background-image: url(http:\/\/www.guivisa.com\/wp-content\/uploads\/2015\/05\/servicios_home.jpg?id=74661) !important;}&#8220;][vc_column][vc_row_inner][vc_column_inner width=&#8220;1\/2&#8243;][vc_icon icon_fontawesome=&#8220;fa fa-cogs&#8220; color=&#8220;white&#8220; background_style=&#8220;boxed&#8220; background_color=&#8220;custom&#8220; size=&#8220;lg&#8220; align=&#8220;center&#8220; custom_background_color=&#8220;#0b5a9d&#8220; el_class=&#8220; azul&#8220;][vc_column_text]<\/p>\n<h3 style=\"text-align: center;\">Forschung<\/h3>\n<p align=\"justify\"><span lang=\"de-DE\">Guivisa verf\u00fcgt \u00fcber eine Engineering-manschaft, die sich kontinuierich mit der Verbesserung unserer Prozesse besch\u00e4ftigt. Daf\u00fcr gibt es ein Forschungslabor wo Grundprozesse der Stahlgussgiesserei, wie Sand und Metalurgie, geforscht werden.<br \/>\n<\/span><\/p>\n<p align=\"justify\"><span lang=\"de-DE\">Von der Designabteilung aus wird von unseren langj\u00e4hrigen erfahrenen Mitarbeitern, mittels der j\u00fcngsten Simulationstechnologie, sowohl die Verbesserung des Serienteiledesign wie die Optimierung jeden pers\u00f6nlichen Projektes studiert.<\/span><\/p>\n<p>[\/vc_column_text][\/vc_column_inner][vc_column_inner width=&#8220;1\/2&#8243;][vc_single_image image=&#8220;75205&#8243; img_size=&#8220;full&#8220;][\/vc_column_inner][\/vc_row_inner][\/vc_column][\/vc_row][vc_row css=&#8220;.vc_custom_1476880391653{margin-top: 30px !important;margin-bottom: 30px !important;}&#8220;][vc_column][vc_row_inner][vc_column_inner width=&#8220;1\/2&#8243;][vc_raw_html]JTNDdmlkZW8lMjB3aWR0aCUzRCUyMjY0MCUyMiUyMGhlaWdodCUzRCUyMjQ4MCUyMiUyMGxvb3AlMjBhdXRvcGxheSUzRSUwQSUyMCUyMCUzQ3NvdXJjZSUyMHNyYyUzRCUyMmh0dHAlM0ElMkYlMkZ3d3cuZ3VpdmlzYS5jb20lMkZ2aWRlby5tcDQlMjIlMjB0eXBlJTNEJTIydmlkZW8lMkZtcDQlMjIlM0UlMEElMjAlMjAlM0Nzb3VyY2UlMjBzcmMlM0QlMjJodHRwJTNBJTJGJTJGd3d3Lmd1aXZpc2EuY29tJTJGdmlkZW8ub2dnJTIyJTIwdHlwZSUzRCUyMnZpZGVvJTJGb2dnJTIyJTNFJTBBJTIwJTIwVHUlMjBuYXZlZ2Fkb3IlMjBubyUyMHNvcG9ydGElMjBlc3RlJTIwZm9ybWF0byUyMGRlJTIwdmlkZW8uJTBBJTNDJTJGdmlkZW8lM0U=[\/vc_raw_html][\/vc_column_inner][vc_column_inner width=&#8220;1\/2&#8243;][vc_icon icon_fontawesome=&#8220;fa fa-bookmark&#8220; color=&#8220;white&#8220; background_style=&#8220;boxed&#8220; background_color=&#8220;custom&#8220; size=&#8220;lg&#8220; align=&#8220;center&#8220; custom_background_color=&#8220;#0b5a9d&#8220; el_class=&#8220; azul&#8220;][vc_column_text]<\/p>\n<h3 style=\"text-align: center;\">Innovation<\/h3>\n<p align=\"justify\"><span lang=\"de-DE\">Seit 1949 arbeiten wir in den anspruchvollsten Branchen und M\u00e4rkte, um die geforderte Qualit\u00e4t und Zuverl\u00e4ssigkeit anzubieten, Guivisa implementiert in ihrem Prozess die letzten Technologien und gibt neue L\u00f6sungen um unsere Produkte zu optimieren und zu verbessern.<\/span><\/p>\n<p>[\/vc_column_text][\/vc_column_inner][\/vc_row_inner][\/vc_column][\/vc_row][vc_row el_class=&#8220;align-center services services-2&#8243; css=&#8220;.vc_custom_1457710614378{padding-top: 60px !important;padding-bottom: 60px !important;background-image: url(http:\/\/www.guivisa.com\/wp-content\/uploads\/2015\/05\/servicios_home.jpg?id=74661) !important;}&#8220;][vc_column][vc_row_inner][vc_column_inner width=&#8220;1\/2&#8243;][vc_icon icon_fontawesome=&#8220;fa fa-cubes&#8220; color=&#8220;white&#8220; background_style=&#8220;boxed&#8220; background_color=&#8220;custom&#8220; size=&#8220;lg&#8220; align=&#8220;center&#8220; custom_background_color=&#8220;#0b5a9d&#8220; el_class=&#8220; azul&#8220;][vc_column_text]<\/p>\n<h3 style=\"text-align: center;\">Schulungen und Partnerschaften<\/h3>\n<p align=\"justify\"><span lang=\"de-DE\">Unsere Mitarbeiter nehmen an regelm\u00e4sigen Schulungen teil, um der Firma und der Mannschaft eine kontinuierliche Verbesserung anzubieten.<\/span><\/p>\n<p align=\"justify\"><span lang=\"de-DE\">F\u00fcr unsere kontinuierliche Entwicklung lehnen wir uns an externen technologischen Pr\u00fcfanstalte an.<\/span><\/p>\n<p>[\/vc_column_text][\/vc_column_inner][vc_column_inner width=&#8220;1\/2&#8243;][vc_single_image image=&#8220;74981&#8243; img_size=&#8220;full&#8220;][\/vc_column_inner][\/vc_row_inner][\/vc_column][\/vc_row]<\/p>\n","protected":false},"excerpt":{"rendered":"<p>[vc_row el_class=&#8220;align-center services services-2&#8243; css=&#8220;.vc_custom_1457710614378{padding-top: 60px !important;padding-bottom: 60px !important;background-image: url(http:\/\/www.guivisa.com\/wp-content\/uploads\/2015\/05\/servicios_home.jpg?id=74661) !important;}&#8220;][vc_column][vc_row_inner][vc_column_inner width=&#8220;1\/2&#8243;][vc_icon icon_fontawesome=&#8220;fa fa-cogs&#8220; color=&#8220;white&#8220; background_style=&#8220;boxed&#8220; background_color=&#8220;custom&#8220; size=&#8220;lg&#8220; align=&#8220;center&#8220; custom_background_color=&#8220;#0b5a9d&#8220; el_class=&#8220; azul&#8220;][vc_column_text] Forschung Guivisa verf\u00fcgt \u00fcber eine Engineering-manschaft, die sich kontinuierich mit der Verbesserung unserer Prozesse besch\u00e4ftigt. Daf\u00fcr gibt es ein Forschungslabor wo Grundprozesse der Stahlgussgiesserei, wie Sand und Metalurgie, geforscht werden. Von der Designabteilung [&hellip;]<\/p>\n","protected":false},"author":1,"featured_media":0,"parent":0,"menu_order":0,"comment_status":"closed","ping_status":"closed","template":"","meta":{"footnotes":""},"class_list":["post-75446","page","type-page","status-publish","hentry"],"yoast_head":"<!-- This site is optimized with the Yoast SEO plugin v24.2 - https:\/\/yoast.com\/wordpress\/plugins\/seo\/ -->\n<title>F &amp; E - Guivisa<\/title>\n<meta name=\"robots\" content=\"index, follow, max-snippet:-1, max-image-preview:large, max-video-preview:-1\" \/>\n<link rel=\"canonical\" href=\"https:\/\/www.guivisa.com\/id\/\" \/>\n<meta property=\"og:locale\" content=\"de_DE\" \/>\n<meta property=\"og:type\" content=\"article\" \/>\n<meta property=\"og:title\" content=\"F &amp; E - Guivisa\" \/>\n<meta property=\"og:description\" content=\"[vc_row el_class=&#8220;align-center services services-2&#8243; css=&#8220;.vc_custom_1457710614378{padding-top: 60px !important;padding-bottom: 60px !important;background-image: url(http:\/\/www.guivisa.com\/wp-content\/uploads\/2015\/05\/servicios_home.jpg?id=74661) !important;}&#8220;][vc_column][vc_row_inner][vc_column_inner width=&#8220;1\/2&#8243;][vc_icon icon_fontawesome=&#8220;fa fa-cogs&#8220; color=&#8220;white&#8220; background_style=&#8220;boxed&#8220; background_color=&#8220;custom&#8220; size=&#8220;lg&#8220; align=&#8220;center&#8220; custom_background_color=&#8220;#0b5a9d&#8220; el_class=&#8220; azul&#8220;][vc_column_text] Forschung Guivisa verf\u00fcgt \u00fcber eine Engineering-manschaft, die sich kontinuierich mit der Verbesserung unserer Prozesse besch\u00e4ftigt. Daf\u00fcr gibt es ein Forschungslabor wo Grundprozesse der Stahlgussgiesserei, wie Sand und Metalurgie, geforscht werden. Von der Designabteilung [&hellip;]\" \/>\n<meta property=\"og:url\" content=\"https:\/\/www.guivisa.com\/id\/\" \/>\n<meta property=\"og:site_name\" content=\"Guivisa\" \/>\n<meta property=\"article:modified_time\" content=\"2017-02-15T08:55:50+00:00\" \/>\n<meta name=\"twitter:card\" content=\"summary_large_image\" \/>\n<meta name=\"twitter:label1\" content=\"Gesch\u00e4tzte Lesezeit\" \/>\n\t<meta name=\"twitter:data1\" content=\"2\u00a0Minuten\" \/>\n<script type=\"application\/ld+json\" class=\"yoast-schema-graph\">{\"@context\":\"https:\/\/schema.org\",\"@graph\":[{\"@type\":\"WebPage\",\"@id\":\"https:\/\/www.guivisa.com\/id\/\",\"url\":\"https:\/\/www.guivisa.com\/id\/\",\"name\":\"F & E - Guivisa\",\"isPartOf\":{\"@id\":\"https:\/\/www.guivisa.com\/#website\"},\"datePublished\":\"2016-04-15T07:20:36+00:00\",\"dateModified\":\"2017-02-15T08:55:50+00:00\",\"breadcrumb\":{\"@id\":\"https:\/\/www.guivisa.com\/id\/#breadcrumb\"},\"inLanguage\":\"de\",\"potentialAction\":[{\"@type\":\"ReadAction\",\"target\":[\"https:\/\/www.guivisa.com\/id\/\"]}]},{\"@type\":\"BreadcrumbList\",\"@id\":\"https:\/\/www.guivisa.com\/id\/#breadcrumb\",\"itemListElement\":[{\"@type\":\"ListItem\",\"position\":1,\"name\":\"Portada\",\"item\":\"https:\/\/www.guivisa.com\/de\/\"},{\"@type\":\"ListItem\",\"position\":2,\"name\":\"F &#038; E\"}]},{\"@type\":\"WebSite\",\"@id\":\"https:\/\/www.guivisa.com\/#website\",\"url\":\"https:\/\/www.guivisa.com\/\",\"name\":\"Guivisa\",\"description\":\"\",\"publisher\":{\"@id\":\"https:\/\/www.guivisa.com\/#organization\"},\"potentialAction\":[{\"@type\":\"SearchAction\",\"target\":{\"@type\":\"EntryPoint\",\"urlTemplate\":\"https:\/\/www.guivisa.com\/?s={search_term_string}\"},\"query-input\":{\"@type\":\"PropertyValueSpecification\",\"valueRequired\":true,\"valueName\":\"search_term_string\"}}],\"inLanguage\":\"de\"},{\"@type\":\"Organization\",\"@id\":\"https:\/\/www.guivisa.com\/#organization\",\"name\":\"Guivisa\",\"url\":\"https:\/\/www.guivisa.com\/\",\"logo\":{\"@type\":\"ImageObject\",\"inLanguage\":\"de\",\"@id\":\"https:\/\/www.guivisa.com\/#\/schema\/logo\/image\/\",\"url\":\"https:\/\/www.guivisa.com\/wp-content\/uploads\/2015\/09\/logo1.png\",\"contentUrl\":\"https:\/\/www.guivisa.com\/wp-content\/uploads\/2015\/09\/logo1.png\",\"width\":356,\"height\":55,\"caption\":\"Guivisa\"},\"image\":{\"@id\":\"https:\/\/www.guivisa.com\/#\/schema\/logo\/image\/\"}}]}<\/script>\n<!-- \/ Yoast SEO plugin. -->","yoast_head_json":{"title":"F & E - Guivisa","robots":{"index":"index","follow":"follow","max-snippet":"max-snippet:-1","max-image-preview":"max-image-preview:large","max-video-preview":"max-video-preview:-1"},"canonical":"https:\/\/www.guivisa.com\/id\/","og_locale":"de_DE","og_type":"article","og_title":"F & E - Guivisa","og_description":"[vc_row el_class=&#8220;align-center services services-2&#8243; css=&#8220;.vc_custom_1457710614378{padding-top: 60px !important;padding-bottom: 60px !important;background-image: url(http:\/\/www.guivisa.com\/wp-content\/uploads\/2015\/05\/servicios_home.jpg?id=74661) !important;}&#8220;][vc_column][vc_row_inner][vc_column_inner width=&#8220;1\/2&#8243;][vc_icon icon_fontawesome=&#8220;fa fa-cogs&#8220; color=&#8220;white&#8220; background_style=&#8220;boxed&#8220; background_color=&#8220;custom&#8220; size=&#8220;lg&#8220; align=&#8220;center&#8220; custom_background_color=&#8220;#0b5a9d&#8220; el_class=&#8220; azul&#8220;][vc_column_text] Forschung Guivisa verf\u00fcgt \u00fcber eine Engineering-manschaft, die sich kontinuierich mit der Verbesserung unserer Prozesse besch\u00e4ftigt. Daf\u00fcr gibt es ein Forschungslabor wo Grundprozesse der Stahlgussgiesserei, wie Sand und Metalurgie, geforscht werden. Von der Designabteilung [&hellip;]","og_url":"https:\/\/www.guivisa.com\/id\/","og_site_name":"Guivisa","article_modified_time":"2017-02-15T08:55:50+00:00","twitter_card":"summary_large_image","twitter_misc":{"Gesch\u00e4tzte Lesezeit":"2\u00a0Minuten"},"schema":{"@context":"https:\/\/schema.org","@graph":[{"@type":"WebPage","@id":"https:\/\/www.guivisa.com\/id\/","url":"https:\/\/www.guivisa.com\/id\/","name":"F & E - Guivisa","isPartOf":{"@id":"https:\/\/www.guivisa.com\/#website"},"datePublished":"2016-04-15T07:20:36+00:00","dateModified":"2017-02-15T08:55:50+00:00","breadcrumb":{"@id":"https:\/\/www.guivisa.com\/id\/#breadcrumb"},"inLanguage":"de","potentialAction":[{"@type":"ReadAction","target":["https:\/\/www.guivisa.com\/id\/"]}]},{"@type":"BreadcrumbList","@id":"https:\/\/www.guivisa.com\/id\/#breadcrumb","itemListElement":[{"@type":"ListItem","position":1,"name":"Portada","item":"https:\/\/www.guivisa.com\/de\/"},{"@type":"ListItem","position":2,"name":"F &#038; E"}]},{"@type":"WebSite","@id":"https:\/\/www.guivisa.com\/#website","url":"https:\/\/www.guivisa.com\/","name":"Guivisa","description":"","publisher":{"@id":"https:\/\/www.guivisa.com\/#organization"},"potentialAction":[{"@type":"SearchAction","target":{"@type":"EntryPoint","urlTemplate":"https:\/\/www.guivisa.com\/?s={search_term_string}"},"query-input":{"@type":"PropertyValueSpecification","valueRequired":true,"valueName":"search_term_string"}}],"inLanguage":"de"},{"@type":"Organization","@id":"https:\/\/www.guivisa.com\/#organization","name":"Guivisa","url":"https:\/\/www.guivisa.com\/","logo":{"@type":"ImageObject","inLanguage":"de","@id":"https:\/\/www.guivisa.com\/#\/schema\/logo\/image\/","url":"https:\/\/www.guivisa.com\/wp-content\/uploads\/2015\/09\/logo1.png","contentUrl":"https:\/\/www.guivisa.com\/wp-content\/uploads\/2015\/09\/logo1.png","width":356,"height":55,"caption":"Guivisa"},"image":{"@id":"https:\/\/www.guivisa.com\/#\/schema\/logo\/image\/"}}]}},"_links":{"self":[{"href":"https:\/\/www.guivisa.com\/de\/wp-json\/wp\/v2\/pages\/75446","targetHints":{"allow":["GET"]}}],"collection":[{"href":"https:\/\/www.guivisa.com\/de\/wp-json\/wp\/v2\/pages"}],"about":[{"href":"https:\/\/www.guivisa.com\/de\/wp-json\/wp\/v2\/types\/page"}],"author":[{"embeddable":true,"href":"https:\/\/www.guivisa.com\/de\/wp-json\/wp\/v2\/users\/1"}],"replies":[{"embeddable":true,"href":"https:\/\/www.guivisa.com\/de\/wp-json\/wp\/v2\/comments?post=75446"}],"version-history":[{"count":3,"href":"https:\/\/www.guivisa.com\/de\/wp-json\/wp\/v2\/pages\/75446\/revisions"}],"predecessor-version":[{"id":75566,"href":"https:\/\/www.guivisa.com\/de\/wp-json\/wp\/v2\/pages\/75446\/revisions\/75566"}],"wp:attachment":[{"href":"https:\/\/www.guivisa.com\/de\/wp-json\/wp\/v2\/media?parent=75446"}],"curies":[{"name":"wp","href":"https:\/\/api.w.org\/{rel}","templated":true}]}}