{"id":75452,"date":"2016-04-04T05:32:37","date_gmt":"2016-04-04T05:32:37","guid":{"rendered":"http:\/\/www.guivisa.com\/de\/materiales\/"},"modified":"2017-02-14T11:00:31","modified_gmt":"2017-02-14T11:00:31","slug":"werkstoffe","status":"publish","type":"page","link":"https:\/\/www.guivisa.com\/de\/werkstoffe\/","title":{"rendered":"Werkstoffe"},"content":{"rendered":"<p>[vc_row css=&#8220;.vc_custom_1432547512827{margin-bottom: 50px !important;}&#8220;][vc_column][vc_custom_heading text=&#8220;Werkstoffe&#8220; font_container=&#8220;tag:h2|font_size:20|text_align:left|color:%23111111&#8243; el_class=&#8220;heading-title-3&#8243;][vc_row_inner][vc_column_inner width=&#8220;2\/3&#8243;][vc_column_text]<\/p>\n<p align=\"justify\"><span lang=\"de-DE\">Jahrzehnte an Erfahrung, in denen wir die h\u00f6chste Sorge getragen haben beginnend mit der Schrottauswahl bis zur Endprobe, \u00fcber das Schmelzprozess und W\u00e4rmebehandlungen, geben uns das Wissen der Herstellung mit Sicherheit und Zuverl\u00e4ssigkeit<\/span><\/p>\n<p><strong>High alloyed:<\/strong><\/p>\n<ul>\n<li>X165 CrV12, X100CrMoV, X165 CrMoV12, A487- Gr10Q OS-E304\u2026<\/li>\n<\/ul>\n<p><strong>Alloyed Steel:\u00a0 \u00a0 \u00a0 \u00a0 \u00a0 \u00a0 \u00a0 \u00a0 \u00a0 \u00a0 \u00a0 \u00a0\u00a0<\/strong><\/p>\n<ul>\n<li>G 18 Ni Cr Mo 3-6 (SEW-520 \/ EN 10340)<\/li>\n<li>G 32 Ni Cr Mo 8 5 4 (1.6570)<\/li>\n<li>G 34 Cr Ni Mo 6 (1.6582)<\/li>\n<li>G 30 Cr Ni Mo 8 (1.6580)<\/li>\n<\/ul>\n<p><strong>Low alloyed <\/strong><\/p>\n<ul>\n<li>G34CrMo4, G42CrMo4, G30NiCrMo8\u2026<\/li>\n<\/ul>\n<p><strong>Not alloyed<\/strong><\/p>\n<ul>\n<li>GS30, GS 38, GS 45, GS 52, GS 60, GS 70<\/li>\n<\/ul>\n<p><strong>Refractory Steel<\/strong><\/p>\n<ul>\n<li>ASTM A 217 in its different variables<\/li>\n<\/ul>\n<p><strong>Ferritic Steel for low temperatures<\/strong><\/p>\n<ul>\n<li>ASTM A 352 in its different variables LCA, LCB, LCC, LC1, LC2, LC3<\/li>\n<\/ul>\n<p>[\/vc_column_text][\/vc_column_inner][vc_column_inner width=&#8220;1\/3&#8243;][vc_single_image image=&#8220;74879&#8243; img_size=&#8220;200&#215;200&#8243; alignment=&#8220;center&#8220;][vc_single_image image=&#8220;74929&#8243; img_size=&#8220;200&#215;200&#8243; alignment=&#8220;center&#8220;][vc_single_image image=&#8220;74953&#8243; img_size=&#8220;full&#8220; alignment=&#8220;center&#8220;][\/vc_column_inner][\/vc_row_inner][\/vc_column][\/vc_row]<\/p>\n","protected":false},"excerpt":{"rendered":"<p>[vc_row css=&#8220;.vc_custom_1432547512827{margin-bottom: 50px !important;}&#8220;][vc_column][vc_custom_heading text=&#8220;Werkstoffe&#8220; font_container=&#8220;tag:h2|font_size:20|text_align:left|color:%23111111&#8243; el_class=&#8220;heading-title-3&#8243;][vc_row_inner][vc_column_inner width=&#8220;2\/3&#8243;][vc_column_text] Jahrzehnte an Erfahrung, in denen wir die h\u00f6chste Sorge getragen haben beginnend mit der Schrottauswahl bis zur Endprobe, \u00fcber das Schmelzprozess und W\u00e4rmebehandlungen, geben uns das Wissen der Herstellung mit Sicherheit und Zuverl\u00e4ssigkeit High alloyed: X165 CrV12, X100CrMoV, X165 CrMoV12, A487- Gr10Q OS-E304\u2026 Alloyed Steel:\u00a0 \u00a0 \u00a0 [&hellip;]<\/p>\n","protected":false},"author":1,"featured_media":0,"parent":0,"menu_order":0,"comment_status":"closed","ping_status":"closed","template":"","meta":{"footnotes":""},"class_list":["post-75452","page","type-page","status-publish","hentry"],"yoast_head":"<!-- This site is optimized with the Yoast SEO plugin v24.2 - https:\/\/yoast.com\/wordpress\/plugins\/seo\/ -->\n<title>Werkstoffe - Guivisa<\/title>\n<meta name=\"robots\" content=\"index, follow, max-snippet:-1, max-image-preview:large, max-video-preview:-1\" \/>\n<link rel=\"canonical\" href=\"https:\/\/www.guivisa.com\/materiales\/\" \/>\n<meta property=\"og:locale\" content=\"de_DE\" \/>\n<meta property=\"og:type\" content=\"article\" \/>\n<meta property=\"og:title\" content=\"Werkstoffe - Guivisa\" \/>\n<meta property=\"og:description\" content=\"[vc_row css=&#8220;.vc_custom_1432547512827{margin-bottom: 50px !important;}&#8220;][vc_column][vc_custom_heading text=&#8220;Werkstoffe&#8220; font_container=&#8220;tag:h2|font_size:20|text_align:left|color:%23111111&#8243; el_class=&#8220;heading-title-3&#8243;][vc_row_inner][vc_column_inner width=&#8220;2\/3&#8243;][vc_column_text] Jahrzehnte an Erfahrung, in denen wir die h\u00f6chste Sorge getragen haben beginnend mit der Schrottauswahl bis zur Endprobe, \u00fcber das Schmelzprozess und W\u00e4rmebehandlungen, geben uns das Wissen der Herstellung mit Sicherheit und Zuverl\u00e4ssigkeit High alloyed: X165 CrV12, X100CrMoV, X165 CrMoV12, A487- Gr10Q OS-E304\u2026 Alloyed Steel:\u00a0 \u00a0 \u00a0 [&hellip;]\" \/>\n<meta property=\"og:url\" content=\"https:\/\/www.guivisa.com\/materiales\/\" \/>\n<meta property=\"og:site_name\" content=\"Guivisa\" \/>\n<meta property=\"article:modified_time\" content=\"2017-02-14T11:00:31+00:00\" \/>\n<meta name=\"twitter:card\" content=\"summary_large_image\" \/>\n<meta name=\"twitter:label1\" content=\"Gesch\u00e4tzte Lesezeit\" \/>\n\t<meta name=\"twitter:data1\" content=\"1\u00a0Minute\" \/>\n<script type=\"application\/ld+json\" class=\"yoast-schema-graph\">{\"@context\":\"https:\/\/schema.org\",\"@graph\":[{\"@type\":\"WebPage\",\"@id\":\"https:\/\/www.guivisa.com\/materiales\/\",\"url\":\"https:\/\/www.guivisa.com\/materiales\/\",\"name\":\"Werkstoffe - Guivisa\",\"isPartOf\":{\"@id\":\"https:\/\/www.guivisa.com\/#website\"},\"datePublished\":\"2016-04-04T05:32:37+00:00\",\"dateModified\":\"2017-02-14T11:00:31+00:00\",\"breadcrumb\":{\"@id\":\"https:\/\/www.guivisa.com\/materiales\/#breadcrumb\"},\"inLanguage\":\"de\",\"potentialAction\":[{\"@type\":\"ReadAction\",\"target\":[\"https:\/\/www.guivisa.com\/materiales\/\"]}]},{\"@type\":\"BreadcrumbList\",\"@id\":\"https:\/\/www.guivisa.com\/materiales\/#breadcrumb\",\"itemListElement\":[{\"@type\":\"ListItem\",\"position\":1,\"name\":\"Portada\",\"item\":\"https:\/\/www.guivisa.com\/de\/\"},{\"@type\":\"ListItem\",\"position\":2,\"name\":\"Werkstoffe\"}]},{\"@type\":\"WebSite\",\"@id\":\"https:\/\/www.guivisa.com\/#website\",\"url\":\"https:\/\/www.guivisa.com\/\",\"name\":\"Guivisa\",\"description\":\"\",\"publisher\":{\"@id\":\"https:\/\/www.guivisa.com\/#organization\"},\"potentialAction\":[{\"@type\":\"SearchAction\",\"target\":{\"@type\":\"EntryPoint\",\"urlTemplate\":\"https:\/\/www.guivisa.com\/?s={search_term_string}\"},\"query-input\":{\"@type\":\"PropertyValueSpecification\",\"valueRequired\":true,\"valueName\":\"search_term_string\"}}],\"inLanguage\":\"de\"},{\"@type\":\"Organization\",\"@id\":\"https:\/\/www.guivisa.com\/#organization\",\"name\":\"Guivisa\",\"url\":\"https:\/\/www.guivisa.com\/\",\"logo\":{\"@type\":\"ImageObject\",\"inLanguage\":\"de\",\"@id\":\"https:\/\/www.guivisa.com\/#\/schema\/logo\/image\/\",\"url\":\"https:\/\/www.guivisa.com\/wp-content\/uploads\/2015\/09\/logo1.png\",\"contentUrl\":\"https:\/\/www.guivisa.com\/wp-content\/uploads\/2015\/09\/logo1.png\",\"width\":356,\"height\":55,\"caption\":\"Guivisa\"},\"image\":{\"@id\":\"https:\/\/www.guivisa.com\/#\/schema\/logo\/image\/\"}}]}<\/script>\n<!-- \/ Yoast SEO plugin. -->","yoast_head_json":{"title":"Werkstoffe - Guivisa","robots":{"index":"index","follow":"follow","max-snippet":"max-snippet:-1","max-image-preview":"max-image-preview:large","max-video-preview":"max-video-preview:-1"},"canonical":"https:\/\/www.guivisa.com\/materiales\/","og_locale":"de_DE","og_type":"article","og_title":"Werkstoffe - Guivisa","og_description":"[vc_row css=&#8220;.vc_custom_1432547512827{margin-bottom: 50px !important;}&#8220;][vc_column][vc_custom_heading text=&#8220;Werkstoffe&#8220; font_container=&#8220;tag:h2|font_size:20|text_align:left|color:%23111111&#8243; el_class=&#8220;heading-title-3&#8243;][vc_row_inner][vc_column_inner width=&#8220;2\/3&#8243;][vc_column_text] Jahrzehnte an Erfahrung, in denen wir die h\u00f6chste Sorge getragen haben beginnend mit der Schrottauswahl bis zur Endprobe, \u00fcber das Schmelzprozess und W\u00e4rmebehandlungen, geben uns das Wissen der Herstellung mit Sicherheit und Zuverl\u00e4ssigkeit High alloyed: X165 CrV12, X100CrMoV, X165 CrMoV12, A487- Gr10Q OS-E304\u2026 Alloyed Steel:\u00a0 \u00a0 \u00a0 [&hellip;]","og_url":"https:\/\/www.guivisa.com\/materiales\/","og_site_name":"Guivisa","article_modified_time":"2017-02-14T11:00:31+00:00","twitter_card":"summary_large_image","twitter_misc":{"Gesch\u00e4tzte Lesezeit":"1\u00a0Minute"},"schema":{"@context":"https:\/\/schema.org","@graph":[{"@type":"WebPage","@id":"https:\/\/www.guivisa.com\/materiales\/","url":"https:\/\/www.guivisa.com\/materiales\/","name":"Werkstoffe - Guivisa","isPartOf":{"@id":"https:\/\/www.guivisa.com\/#website"},"datePublished":"2016-04-04T05:32:37+00:00","dateModified":"2017-02-14T11:00:31+00:00","breadcrumb":{"@id":"https:\/\/www.guivisa.com\/materiales\/#breadcrumb"},"inLanguage":"de","potentialAction":[{"@type":"ReadAction","target":["https:\/\/www.guivisa.com\/materiales\/"]}]},{"@type":"BreadcrumbList","@id":"https:\/\/www.guivisa.com\/materiales\/#breadcrumb","itemListElement":[{"@type":"ListItem","position":1,"name":"Portada","item":"https:\/\/www.guivisa.com\/de\/"},{"@type":"ListItem","position":2,"name":"Werkstoffe"}]},{"@type":"WebSite","@id":"https:\/\/www.guivisa.com\/#website","url":"https:\/\/www.guivisa.com\/","name":"Guivisa","description":"","publisher":{"@id":"https:\/\/www.guivisa.com\/#organization"},"potentialAction":[{"@type":"SearchAction","target":{"@type":"EntryPoint","urlTemplate":"https:\/\/www.guivisa.com\/?s={search_term_string}"},"query-input":{"@type":"PropertyValueSpecification","valueRequired":true,"valueName":"search_term_string"}}],"inLanguage":"de"},{"@type":"Organization","@id":"https:\/\/www.guivisa.com\/#organization","name":"Guivisa","url":"https:\/\/www.guivisa.com\/","logo":{"@type":"ImageObject","inLanguage":"de","@id":"https:\/\/www.guivisa.com\/#\/schema\/logo\/image\/","url":"https:\/\/www.guivisa.com\/wp-content\/uploads\/2015\/09\/logo1.png","contentUrl":"https:\/\/www.guivisa.com\/wp-content\/uploads\/2015\/09\/logo1.png","width":356,"height":55,"caption":"Guivisa"},"image":{"@id":"https:\/\/www.guivisa.com\/#\/schema\/logo\/image\/"}}]}},"_links":{"self":[{"href":"https:\/\/www.guivisa.com\/de\/wp-json\/wp\/v2\/pages\/75452","targetHints":{"allow":["GET"]}}],"collection":[{"href":"https:\/\/www.guivisa.com\/de\/wp-json\/wp\/v2\/pages"}],"about":[{"href":"https:\/\/www.guivisa.com\/de\/wp-json\/wp\/v2\/types\/page"}],"author":[{"embeddable":true,"href":"https:\/\/www.guivisa.com\/de\/wp-json\/wp\/v2\/users\/1"}],"replies":[{"embeddable":true,"href":"https:\/\/www.guivisa.com\/de\/wp-json\/wp\/v2\/comments?post=75452"}],"version-history":[{"count":2,"href":"https:\/\/www.guivisa.com\/de\/wp-json\/wp\/v2\/pages\/75452\/revisions"}],"predecessor-version":[{"id":75454,"href":"https:\/\/www.guivisa.com\/de\/wp-json\/wp\/v2\/pages\/75452\/revisions\/75454"}],"wp:attachment":[{"href":"https:\/\/www.guivisa.com\/de\/wp-json\/wp\/v2\/media?parent=75452"}],"curies":[{"name":"wp","href":"https:\/\/api.w.org\/{rel}","templated":true}]}}