{"id":75459,"date":"2015-03-10T02:45:13","date_gmt":"2015-03-10T02:45:13","guid":{"rendered":"http:\/\/www.guivisa.com\/de\/prozess\/project-management\/"},"modified":"2017-02-14T11:48:59","modified_gmt":"2017-02-14T11:48:59","slug":"modelle","status":"publish","type":"page","link":"https:\/\/www.guivisa.com\/de\/prozesse\/modelle\/","title":{"rendered":"Modelle"},"content":{"rendered":"<p>[vc_row][vc_column width=&#8220;1\/2&#8243;][vc_single_image image=&#8220;75424&#8243; img_size=&#8220;full&#8220;][\/vc_column][vc_column width=&#8220;1\/2&#8243;][vc_column_text]<\/p>\n<p style=\"text-align: justify;\">Guivisa hat eine eigene Modellbauwerkstatt f\u00fcr Styropormodelle, welche zu einer grossen Flexibilt\u00e4t, Service und Wettbewerbsf\u00e4higkeit beitr\u00e4gt.<\/p>\n<p>[\/vc_column_text][\/vc_column][\/vc_row]<\/p>\n","protected":false},"excerpt":{"rendered":"<p>[vc_row][vc_column width=&#8220;1\/2&#8243;][vc_single_image image=&#8220;75424&#8243; img_size=&#8220;full&#8220;][\/vc_column][vc_column width=&#8220;1\/2&#8243;][vc_column_text] Guivisa hat eine eigene Modellbauwerkstatt f\u00fcr Styropormodelle, welche zu einer grossen Flexibilt\u00e4t, Service und Wettbewerbsf\u00e4higkeit beitr\u00e4gt. [\/vc_column_text][\/vc_column][\/vc_row]<\/p>\n","protected":false},"author":1,"featured_media":0,"parent":75457,"menu_order":0,"comment_status":"closed","ping_status":"closed","template":"","meta":{"footnotes":""},"class_list":["post-75459","page","type-page","status-publish","hentry"],"yoast_head":"<!-- This site is optimized with the Yoast SEO plugin v24.2 - https:\/\/yoast.com\/wordpress\/plugins\/seo\/ -->\n<title>Modelle - Guivisa<\/title>\n<meta name=\"robots\" content=\"index, follow, max-snippet:-1, max-image-preview:large, max-video-preview:-1\" \/>\n<link rel=\"canonical\" href=\"https:\/\/www.guivisa.com\/procesos\/modelos\/\" \/>\n<meta property=\"og:locale\" content=\"de_DE\" \/>\n<meta property=\"og:type\" content=\"article\" \/>\n<meta property=\"og:title\" content=\"Modelle - Guivisa\" \/>\n<meta property=\"og:description\" content=\"[vc_row][vc_column width=&#8220;1\/2&#8243;][vc_single_image image=&#8220;75424&#8243; img_size=&#8220;full&#8220;][\/vc_column][vc_column width=&#8220;1\/2&#8243;][vc_column_text] Guivisa hat eine eigene Modellbauwerkstatt f\u00fcr Styropormodelle, welche zu einer grossen Flexibilt\u00e4t, Service und Wettbewerbsf\u00e4higkeit beitr\u00e4gt. [\/vc_column_text][\/vc_column][\/vc_row]\" \/>\n<meta property=\"og:url\" content=\"https:\/\/www.guivisa.com\/procesos\/modelos\/\" \/>\n<meta property=\"og:site_name\" content=\"Guivisa\" \/>\n<meta property=\"article:modified_time\" content=\"2017-02-14T11:48:59+00:00\" \/>\n<meta name=\"twitter:card\" content=\"summary_large_image\" \/>\n<script type=\"application\/ld+json\" class=\"yoast-schema-graph\">{\"@context\":\"https:\/\/schema.org\",\"@graph\":[{\"@type\":\"WebPage\",\"@id\":\"https:\/\/www.guivisa.com\/procesos\/modelos\/\",\"url\":\"https:\/\/www.guivisa.com\/procesos\/modelos\/\",\"name\":\"Modelle - Guivisa\",\"isPartOf\":{\"@id\":\"https:\/\/www.guivisa.com\/#website\"},\"datePublished\":\"2015-03-10T02:45:13+00:00\",\"dateModified\":\"2017-02-14T11:48:59+00:00\",\"breadcrumb\":{\"@id\":\"https:\/\/www.guivisa.com\/procesos\/modelos\/#breadcrumb\"},\"inLanguage\":\"de\",\"potentialAction\":[{\"@type\":\"ReadAction\",\"target\":[\"https:\/\/www.guivisa.com\/procesos\/modelos\/\"]}]},{\"@type\":\"BreadcrumbList\",\"@id\":\"https:\/\/www.guivisa.com\/procesos\/modelos\/#breadcrumb\",\"itemListElement\":[{\"@type\":\"ListItem\",\"position\":1,\"name\":\"Portada\",\"item\":\"https:\/\/www.guivisa.com\/de\/\"},{\"@type\":\"ListItem\",\"position\":2,\"name\":\"Prozesse\",\"item\":\"https:\/\/www.guivisa.com\/procesos\/\"},{\"@type\":\"ListItem\",\"position\":3,\"name\":\"Modelle\"}]},{\"@type\":\"WebSite\",\"@id\":\"https:\/\/www.guivisa.com\/#website\",\"url\":\"https:\/\/www.guivisa.com\/\",\"name\":\"Guivisa\",\"description\":\"\",\"publisher\":{\"@id\":\"https:\/\/www.guivisa.com\/#organization\"},\"potentialAction\":[{\"@type\":\"SearchAction\",\"target\":{\"@type\":\"EntryPoint\",\"urlTemplate\":\"https:\/\/www.guivisa.com\/?s={search_term_string}\"},\"query-input\":{\"@type\":\"PropertyValueSpecification\",\"valueRequired\":true,\"valueName\":\"search_term_string\"}}],\"inLanguage\":\"de\"},{\"@type\":\"Organization\",\"@id\":\"https:\/\/www.guivisa.com\/#organization\",\"name\":\"Guivisa\",\"url\":\"https:\/\/www.guivisa.com\/\",\"logo\":{\"@type\":\"ImageObject\",\"inLanguage\":\"de\",\"@id\":\"https:\/\/www.guivisa.com\/#\/schema\/logo\/image\/\",\"url\":\"https:\/\/www.guivisa.com\/wp-content\/uploads\/2015\/09\/logo1.png\",\"contentUrl\":\"https:\/\/www.guivisa.com\/wp-content\/uploads\/2015\/09\/logo1.png\",\"width\":356,\"height\":55,\"caption\":\"Guivisa\"},\"image\":{\"@id\":\"https:\/\/www.guivisa.com\/#\/schema\/logo\/image\/\"}}]}<\/script>\n<!-- \/ Yoast SEO plugin. -->","yoast_head_json":{"title":"Modelle - Guivisa","robots":{"index":"index","follow":"follow","max-snippet":"max-snippet:-1","max-image-preview":"max-image-preview:large","max-video-preview":"max-video-preview:-1"},"canonical":"https:\/\/www.guivisa.com\/procesos\/modelos\/","og_locale":"de_DE","og_type":"article","og_title":"Modelle - Guivisa","og_description":"[vc_row][vc_column width=&#8220;1\/2&#8243;][vc_single_image image=&#8220;75424&#8243; img_size=&#8220;full&#8220;][\/vc_column][vc_column width=&#8220;1\/2&#8243;][vc_column_text] Guivisa hat eine eigene Modellbauwerkstatt f\u00fcr Styropormodelle, welche zu einer grossen Flexibilt\u00e4t, Service und Wettbewerbsf\u00e4higkeit beitr\u00e4gt. [\/vc_column_text][\/vc_column][\/vc_row]","og_url":"https:\/\/www.guivisa.com\/procesos\/modelos\/","og_site_name":"Guivisa","article_modified_time":"2017-02-14T11:48:59+00:00","twitter_card":"summary_large_image","schema":{"@context":"https:\/\/schema.org","@graph":[{"@type":"WebPage","@id":"https:\/\/www.guivisa.com\/procesos\/modelos\/","url":"https:\/\/www.guivisa.com\/procesos\/modelos\/","name":"Modelle - Guivisa","isPartOf":{"@id":"https:\/\/www.guivisa.com\/#website"},"datePublished":"2015-03-10T02:45:13+00:00","dateModified":"2017-02-14T11:48:59+00:00","breadcrumb":{"@id":"https:\/\/www.guivisa.com\/procesos\/modelos\/#breadcrumb"},"inLanguage":"de","potentialAction":[{"@type":"ReadAction","target":["https:\/\/www.guivisa.com\/procesos\/modelos\/"]}]},{"@type":"BreadcrumbList","@id":"https:\/\/www.guivisa.com\/procesos\/modelos\/#breadcrumb","itemListElement":[{"@type":"ListItem","position":1,"name":"Portada","item":"https:\/\/www.guivisa.com\/de\/"},{"@type":"ListItem","position":2,"name":"Prozesse","item":"https:\/\/www.guivisa.com\/procesos\/"},{"@type":"ListItem","position":3,"name":"Modelle"}]},{"@type":"WebSite","@id":"https:\/\/www.guivisa.com\/#website","url":"https:\/\/www.guivisa.com\/","name":"Guivisa","description":"","publisher":{"@id":"https:\/\/www.guivisa.com\/#organization"},"potentialAction":[{"@type":"SearchAction","target":{"@type":"EntryPoint","urlTemplate":"https:\/\/www.guivisa.com\/?s={search_term_string}"},"query-input":{"@type":"PropertyValueSpecification","valueRequired":true,"valueName":"search_term_string"}}],"inLanguage":"de"},{"@type":"Organization","@id":"https:\/\/www.guivisa.com\/#organization","name":"Guivisa","url":"https:\/\/www.guivisa.com\/","logo":{"@type":"ImageObject","inLanguage":"de","@id":"https:\/\/www.guivisa.com\/#\/schema\/logo\/image\/","url":"https:\/\/www.guivisa.com\/wp-content\/uploads\/2015\/09\/logo1.png","contentUrl":"https:\/\/www.guivisa.com\/wp-content\/uploads\/2015\/09\/logo1.png","width":356,"height":55,"caption":"Guivisa"},"image":{"@id":"https:\/\/www.guivisa.com\/#\/schema\/logo\/image\/"}}]}},"_links":{"self":[{"href":"https:\/\/www.guivisa.com\/de\/wp-json\/wp\/v2\/pages\/75459","targetHints":{"allow":["GET"]}}],"collection":[{"href":"https:\/\/www.guivisa.com\/de\/wp-json\/wp\/v2\/pages"}],"about":[{"href":"https:\/\/www.guivisa.com\/de\/wp-json\/wp\/v2\/types\/page"}],"author":[{"embeddable":true,"href":"https:\/\/www.guivisa.com\/de\/wp-json\/wp\/v2\/users\/1"}],"replies":[{"embeddable":true,"href":"https:\/\/www.guivisa.com\/de\/wp-json\/wp\/v2\/comments?post=75459"}],"version-history":[{"count":1,"href":"https:\/\/www.guivisa.com\/de\/wp-json\/wp\/v2\/pages\/75459\/revisions"}],"predecessor-version":[{"id":75460,"href":"https:\/\/www.guivisa.com\/de\/wp-json\/wp\/v2\/pages\/75459\/revisions\/75460"}],"up":[{"embeddable":true,"href":"https:\/\/www.guivisa.com\/de\/wp-json\/wp\/v2\/pages\/75457"}],"wp:attachment":[{"href":"https:\/\/www.guivisa.com\/de\/wp-json\/wp\/v2\/media?parent=75459"}],"curies":[{"name":"wp","href":"https:\/\/api.w.org\/{rel}","templated":true}]}}