{"id":75473,"date":"2015-03-02T04:38:49","date_gmt":"2015-03-02T04:38:49","guid":{"rendered":"http:\/\/www.guivisa.com\/de\/about-us\/"},"modified":"2017-03-01T08:31:54","modified_gmt":"2017-03-01T08:31:54","slug":"unternehmen","status":"publish","type":"page","link":"https:\/\/www.guivisa.com\/de\/unternehmen\/","title":{"rendered":"Unternehmen"},"content":{"rendered":"<p>[vc_row css=&#8220;.vc_custom_1432547512827{margin-bottom: 50px !important;}&#8220;][vc_column width=&#8220;1\/4&#8243;][vc_widget_sidebar sidebar_id=&#8220;sidebar&#8220;][\/vc_column][vc_column width=&#8220;3\/4&#8243;][vc_custom_heading text=&#8220;UNTERNEHMEN&#8220; font_container=&#8220;tag:h2|font_size:20|text_align:left|color:%23111111&#8243; el_class=&#8220;heading-title-3&#8243;][vc_column_text]Guivisa wurde 1949 gegr\u00fcndet und f\u00fchrt ihre Hauptaktivit\u00e4t in der Stahlgussgiesserei durch. Es werden Gussteile von 5 kg bis 8.000kg mit einer j\u00e4rhlichen Kapazit\u00e4t von 4.500 tn hergestellt.<br \/>\nGuivisa exportiert mehr als 85% ihrer Produkte und ist in den verschiedensten Branchen vorhanden, unter denen die Bahn- und Automobilindustrie, sowie Shiff &amp; Offshore und nachhaltige Energie hervorragen.[\/vc_column_text][vc_row_inner][vc_column_inner width=&#8220;1\/2&#8243;][vc_custom_heading text=&#8220;AUFGABE&#8220; font_container=&#8220;tag:h2|font_size:20|text_align:left|color:%23111111&#8243; el_class=&#8220;heading-title-3&#8243; css=&#8220;.vc_custom_1487076022302{margin-top: 30px !important;}&#8220;][vc_column_text]Eine in Europa f\u00fchrende Giesserei zu sein mit einem nachhaltigen und dauerhaften Wachstum.[\/vc_column_text][\/vc_column_inner][vc_column_inner width=&#8220;1\/2&#8243;][vc_custom_heading text=&#8220;\u00dcBERBLICK&#8220; font_container=&#8220;tag:h2|font_size:20|text_align:left|color:%23111111&#8243; el_class=&#8220;heading-title-3&#8243; css=&#8220;.vc_custom_1487076061071{margin-top: 30px !important;}&#8220;][vc_column_text]Unseren Kunden die beste Qualit\u00e4t zu konkurrenf\u00e4higen Preisen und einen bemerkenswerten Service zu bieten.[\/vc_column_text][\/vc_column_inner][\/vc_row_inner][vc_custom_heading text=&#8220;GRUNDS\u00c4TZE UND NACHHALTIGKEIT &#8220; font_container=&#8220;tag:h2|font_size:20|text_align:left|color:%23111111&#8243; el_class=&#8220;heading-title-3&#8243; css=&#8220;.vc_custom_1487076086979{margin-top: 30px !important;}&#8220;][vc_row_inner el_class=&#8220;align-center .certifications-block&#8220;][vc_column_inner width=&#8220;1\/3&#8243;][vc_column_text]<a href=\"#\" class=\"pps-btn-img pps-button-popup-75575 pps-button-popup \" title=\"Click here to open Popup\"><img decoding=\"async\" src=\"http:\/\/www.guivisa.com\/wp-content\/uploads\/2016\/05\/seguridad.jpg\" alt=\"SICHERHEIT\" width=\"265\" onmouseover=\"this.src='http:\/\/www.guivisa.com\/wp-content\/uploads\/2016\/05\/seguridad.jpg';\" onmouseout=\"this.src='http:\/\/www.guivisa.com\/wp-content\/uploads\/2016\/05\/seguridad.jpg';\" \/><\/a><\/p>\n<h4 style=\"margin-top: 10px;\"><a class=\"pps-btn-img pps-button-popup-74892 pps-button-popup \" title=\"\" href=\"#\">SICHERHEIT<\/a><\/h4>\n<p><a class=\"pps-button-popup-74892 pps-button-popup \" title=\"\" href=\"#\">GUIVISA hat als Ziel und Strategie die Erzeugung von Wohlstand in der Gesellschaft in der ihre Aktivit\u00e4t durchgef\u00fchrt wird. D.h. Erzeugung von Wohlstand bei jeder Person die in der Firma arbeitet&#8230;<\/a>[\/vc_column_text][\/vc_column_inner][vc_column_inner width=&#8220;1\/3&#8243;][vc_column_text]<a href=\"#\" class=\"pps-btn-img pps-button-popup-75578 pps-button-popup \" title=\"Click here to open Popup\"><img decoding=\"async\" src=\"http:\/\/www.guivisa.com\/wp-content\/uploads\/2016\/06\/medio_ambiente1.jpg\" alt=\"UMWELT\" width=\"265\" onmouseover=\"this.src='http:\/\/www.guivisa.com\/wp-content\/uploads\/2016\/06\/medio_ambiente1.jpg';\" onmouseout=\"this.src='http:\/\/www.guivisa.com\/wp-content\/uploads\/2016\/06\/medio_ambiente1.jpg';\" \/><\/a><\/p>\n<h4 style=\"margin-top: 10px;\"><a class=\"pps-btn-img pps-button-popup-74898 pps-button-popup \" title=\"Click here to open Popup\" href=\"#\">UMWELT<\/a><\/h4>\n<p><a class=\"pps-button-popup-74898 pps-button-popup \" title=\"Click here to open Popup\" href=\"#\">GUIVISA, S.L. \u00fcbt eine Aktivit\u00e4t als Stahlgussgiesserei aus, die eine Auswirkung auf die Umwelt hat&#8230;<\/a>[\/vc_column_text][\/vc_column_inner][vc_column_inner width=&#8220;1\/3&#8243;][vc_column_text]<a href=\"#\" class=\"pps-btn-img pps-button-popup-75579 pps-button-popup \" title=\"Click here to open Popup\"><img decoding=\"async\" src=\"http:\/\/www.guivisa.com\/wp-content\/uploads\/2016\/05\/etica.jpg\" alt=\"Ethik\" width=\"265\" onmouseover=\"this.src='http:\/\/www.guivisa.com\/wp-content\/uploads\/2016\/05\/etica.jpg';\" onmouseout=\"this.src='http:\/\/www.guivisa.com\/wp-content\/uploads\/2016\/05\/etica.jpg';\" \/><\/a><\/p>\n<h4 style=\"margin-top: 10px;\"><a class=\"pps-btn-img pps-button-popup-74899 pps-button-popup \" title=\"Click here to open Popup\" href=\"#\">ETHIK<\/a><\/h4>\n<p><a class=\"pps-btn-img pps-button-popup-74899 pps-button-popup \" title=\"Click here to open Popup\" href=\"#\">\u00a0Guivisa ist ein Privatunternehmen dessen T\u00e4tigkeit die Stahlgiesserei ist. Wurde 1949 in Basauri von vizkainer Gesch\u00e4ftsleute gegr\u00fcndet. Das Ziel der Firma ist Reichtum und Wohl im weitersten Sinn zu sch\u00f6pfen&#8230;<\/a>[\/vc_column_text][\/vc_column_inner][\/vc_row_inner][\/vc_column][\/vc_row]<\/p>\n","protected":false},"excerpt":{"rendered":"<p>[vc_row css=&#8220;.vc_custom_1432547512827{margin-bottom: 50px !important;}&#8220;][vc_column width=&#8220;1\/4&#8243;][vc_widget_sidebar sidebar_id=&#8220;sidebar&#8220;][\/vc_column][vc_column width=&#8220;3\/4&#8243;][vc_custom_heading text=&#8220;UNTERNEHMEN&#8220; font_container=&#8220;tag:h2|font_size:20|text_align:left|color:%23111111&#8243; el_class=&#8220;heading-title-3&#8243;][vc_column_text]Guivisa wurde 1949 gegr\u00fcndet und f\u00fchrt ihre Hauptaktivit\u00e4t in der Stahlgussgiesserei durch. Es werden Gussteile von 5 kg bis 8.000kg mit einer j\u00e4rhlichen Kapazit\u00e4t von 4.500 tn hergestellt. Guivisa exportiert mehr als 85% ihrer Produkte und ist in den verschiedensten Branchen vorhanden, unter denen die Bahn- [&hellip;]<\/p>\n","protected":false},"author":1,"featured_media":0,"parent":0,"menu_order":0,"comment_status":"closed","ping_status":"closed","template":"","meta":{"footnotes":""},"class_list":["post-75473","page","type-page","status-publish","hentry"],"yoast_head":"<!-- This site is optimized with the Yoast SEO plugin v24.2 - https:\/\/yoast.com\/wordpress\/plugins\/seo\/ -->\n<title>Unternehmen - Guivisa<\/title>\n<meta name=\"robots\" content=\"index, follow, max-snippet:-1, max-image-preview:large, max-video-preview:-1\" \/>\n<link rel=\"canonical\" href=\"https:\/\/www.guivisa.com\/quienes-somos\/\" \/>\n<meta property=\"og:locale\" content=\"de_DE\" \/>\n<meta property=\"og:type\" content=\"article\" \/>\n<meta property=\"og:title\" content=\"Unternehmen - Guivisa\" \/>\n<meta property=\"og:description\" content=\"[vc_row css=&#8220;.vc_custom_1432547512827{margin-bottom: 50px !important;}&#8220;][vc_column width=&#8220;1\/4&#8243;][vc_widget_sidebar sidebar_id=&#8220;sidebar&#8220;][\/vc_column][vc_column width=&#8220;3\/4&#8243;][vc_custom_heading text=&#8220;UNTERNEHMEN&#8220; font_container=&#8220;tag:h2|font_size:20|text_align:left|color:%23111111&#8243; el_class=&#8220;heading-title-3&#8243;][vc_column_text]Guivisa wurde 1949 gegr\u00fcndet und f\u00fchrt ihre Hauptaktivit\u00e4t in der Stahlgussgiesserei durch. Es werden Gussteile von 5 kg bis 8.000kg mit einer j\u00e4rhlichen Kapazit\u00e4t von 4.500 tn hergestellt. Guivisa exportiert mehr als 85% ihrer Produkte und ist in den verschiedensten Branchen vorhanden, unter denen die Bahn- [&hellip;]\" \/>\n<meta property=\"og:url\" content=\"https:\/\/www.guivisa.com\/quienes-somos\/\" \/>\n<meta property=\"og:site_name\" content=\"Guivisa\" \/>\n<meta property=\"article:modified_time\" content=\"2017-03-01T08:31:54+00:00\" \/>\n<meta name=\"twitter:card\" content=\"summary_large_image\" \/>\n<meta name=\"twitter:label1\" content=\"Gesch\u00e4tzte Lesezeit\" \/>\n\t<meta name=\"twitter:data1\" content=\"2\u00a0Minuten\" \/>\n<script type=\"application\/ld+json\" class=\"yoast-schema-graph\">{\"@context\":\"https:\/\/schema.org\",\"@graph\":[{\"@type\":\"WebPage\",\"@id\":\"https:\/\/www.guivisa.com\/quienes-somos\/\",\"url\":\"https:\/\/www.guivisa.com\/quienes-somos\/\",\"name\":\"Unternehmen - Guivisa\",\"isPartOf\":{\"@id\":\"https:\/\/www.guivisa.com\/#website\"},\"datePublished\":\"2015-03-02T04:38:49+00:00\",\"dateModified\":\"2017-03-01T08:31:54+00:00\",\"breadcrumb\":{\"@id\":\"https:\/\/www.guivisa.com\/quienes-somos\/#breadcrumb\"},\"inLanguage\":\"de\",\"potentialAction\":[{\"@type\":\"ReadAction\",\"target\":[\"https:\/\/www.guivisa.com\/quienes-somos\/\"]}]},{\"@type\":\"BreadcrumbList\",\"@id\":\"https:\/\/www.guivisa.com\/quienes-somos\/#breadcrumb\",\"itemListElement\":[{\"@type\":\"ListItem\",\"position\":1,\"name\":\"Portada\",\"item\":\"https:\/\/www.guivisa.com\/de\/\"},{\"@type\":\"ListItem\",\"position\":2,\"name\":\"Unternehmen\"}]},{\"@type\":\"WebSite\",\"@id\":\"https:\/\/www.guivisa.com\/#website\",\"url\":\"https:\/\/www.guivisa.com\/\",\"name\":\"Guivisa\",\"description\":\"\",\"publisher\":{\"@id\":\"https:\/\/www.guivisa.com\/#organization\"},\"potentialAction\":[{\"@type\":\"SearchAction\",\"target\":{\"@type\":\"EntryPoint\",\"urlTemplate\":\"https:\/\/www.guivisa.com\/?s={search_term_string}\"},\"query-input\":{\"@type\":\"PropertyValueSpecification\",\"valueRequired\":true,\"valueName\":\"search_term_string\"}}],\"inLanguage\":\"de\"},{\"@type\":\"Organization\",\"@id\":\"https:\/\/www.guivisa.com\/#organization\",\"name\":\"Guivisa\",\"url\":\"https:\/\/www.guivisa.com\/\",\"logo\":{\"@type\":\"ImageObject\",\"inLanguage\":\"de\",\"@id\":\"https:\/\/www.guivisa.com\/#\/schema\/logo\/image\/\",\"url\":\"https:\/\/www.guivisa.com\/wp-content\/uploads\/2015\/09\/logo1.png\",\"contentUrl\":\"https:\/\/www.guivisa.com\/wp-content\/uploads\/2015\/09\/logo1.png\",\"width\":356,\"height\":55,\"caption\":\"Guivisa\"},\"image\":{\"@id\":\"https:\/\/www.guivisa.com\/#\/schema\/logo\/image\/\"}}]}<\/script>\n<!-- \/ Yoast SEO plugin. -->","yoast_head_json":{"title":"Unternehmen - Guivisa","robots":{"index":"index","follow":"follow","max-snippet":"max-snippet:-1","max-image-preview":"max-image-preview:large","max-video-preview":"max-video-preview:-1"},"canonical":"https:\/\/www.guivisa.com\/quienes-somos\/","og_locale":"de_DE","og_type":"article","og_title":"Unternehmen - Guivisa","og_description":"[vc_row css=&#8220;.vc_custom_1432547512827{margin-bottom: 50px !important;}&#8220;][vc_column width=&#8220;1\/4&#8243;][vc_widget_sidebar sidebar_id=&#8220;sidebar&#8220;][\/vc_column][vc_column width=&#8220;3\/4&#8243;][vc_custom_heading text=&#8220;UNTERNEHMEN&#8220; font_container=&#8220;tag:h2|font_size:20|text_align:left|color:%23111111&#8243; el_class=&#8220;heading-title-3&#8243;][vc_column_text]Guivisa wurde 1949 gegr\u00fcndet und f\u00fchrt ihre Hauptaktivit\u00e4t in der Stahlgussgiesserei durch. Es werden Gussteile von 5 kg bis 8.000kg mit einer j\u00e4rhlichen Kapazit\u00e4t von 4.500 tn hergestellt. Guivisa exportiert mehr als 85% ihrer Produkte und ist in den verschiedensten Branchen vorhanden, unter denen die Bahn- [&hellip;]","og_url":"https:\/\/www.guivisa.com\/quienes-somos\/","og_site_name":"Guivisa","article_modified_time":"2017-03-01T08:31:54+00:00","twitter_card":"summary_large_image","twitter_misc":{"Gesch\u00e4tzte Lesezeit":"2\u00a0Minuten"},"schema":{"@context":"https:\/\/schema.org","@graph":[{"@type":"WebPage","@id":"https:\/\/www.guivisa.com\/quienes-somos\/","url":"https:\/\/www.guivisa.com\/quienes-somos\/","name":"Unternehmen - Guivisa","isPartOf":{"@id":"https:\/\/www.guivisa.com\/#website"},"datePublished":"2015-03-02T04:38:49+00:00","dateModified":"2017-03-01T08:31:54+00:00","breadcrumb":{"@id":"https:\/\/www.guivisa.com\/quienes-somos\/#breadcrumb"},"inLanguage":"de","potentialAction":[{"@type":"ReadAction","target":["https:\/\/www.guivisa.com\/quienes-somos\/"]}]},{"@type":"BreadcrumbList","@id":"https:\/\/www.guivisa.com\/quienes-somos\/#breadcrumb","itemListElement":[{"@type":"ListItem","position":1,"name":"Portada","item":"https:\/\/www.guivisa.com\/de\/"},{"@type":"ListItem","position":2,"name":"Unternehmen"}]},{"@type":"WebSite","@id":"https:\/\/www.guivisa.com\/#website","url":"https:\/\/www.guivisa.com\/","name":"Guivisa","description":"","publisher":{"@id":"https:\/\/www.guivisa.com\/#organization"},"potentialAction":[{"@type":"SearchAction","target":{"@type":"EntryPoint","urlTemplate":"https:\/\/www.guivisa.com\/?s={search_term_string}"},"query-input":{"@type":"PropertyValueSpecification","valueRequired":true,"valueName":"search_term_string"}}],"inLanguage":"de"},{"@type":"Organization","@id":"https:\/\/www.guivisa.com\/#organization","name":"Guivisa","url":"https:\/\/www.guivisa.com\/","logo":{"@type":"ImageObject","inLanguage":"de","@id":"https:\/\/www.guivisa.com\/#\/schema\/logo\/image\/","url":"https:\/\/www.guivisa.com\/wp-content\/uploads\/2015\/09\/logo1.png","contentUrl":"https:\/\/www.guivisa.com\/wp-content\/uploads\/2015\/09\/logo1.png","width":356,"height":55,"caption":"Guivisa"},"image":{"@id":"https:\/\/www.guivisa.com\/#\/schema\/logo\/image\/"}}]}},"_links":{"self":[{"href":"https:\/\/www.guivisa.com\/de\/wp-json\/wp\/v2\/pages\/75473","targetHints":{"allow":["GET"]}}],"collection":[{"href":"https:\/\/www.guivisa.com\/de\/wp-json\/wp\/v2\/pages"}],"about":[{"href":"https:\/\/www.guivisa.com\/de\/wp-json\/wp\/v2\/types\/page"}],"author":[{"embeddable":true,"href":"https:\/\/www.guivisa.com\/de\/wp-json\/wp\/v2\/users\/1"}],"replies":[{"embeddable":true,"href":"https:\/\/www.guivisa.com\/de\/wp-json\/wp\/v2\/comments?post=75473"}],"version-history":[{"count":7,"href":"https:\/\/www.guivisa.com\/de\/wp-json\/wp\/v2\/pages\/75473\/revisions"}],"predecessor-version":[{"id":75587,"href":"https:\/\/www.guivisa.com\/de\/wp-json\/wp\/v2\/pages\/75473\/revisions\/75587"}],"wp:attachment":[{"href":"https:\/\/www.guivisa.com\/de\/wp-json\/wp\/v2\/media?parent=75473"}],"curies":[{"name":"wp","href":"https:\/\/api.w.org\/{rel}","templated":true}]}}