{"id":75489,"date":"2016-03-18T10:08:12","date_gmt":"2016-03-18T10:08:12","guid":{"rendered":"http:\/\/www.guivisa.com\/de\/branchen\/architecture-2\/"},"modified":"2017-03-01T08:34:49","modified_gmt":"2017-03-01T08:34:49","slug":"schiffbauindustrie","status":"publish","type":"page","link":"https:\/\/www.guivisa.com\/de\/branchen\/schiffbauindustrie\/","title":{"rendered":"Schiffbauindustrie"},"content":{"rendered":"<p>[vc_row css=&#8220;.vc_custom_1433128525365{margin-top: 0px !important;margin-bottom: 40px !important;}&#8220;][vc_column width=&#8220;1\/2&#8243;][vc_single_image image=&#8220;74740&#8243; img_size=&#8220;full&#8220;][\/vc_column][vc_column width=&#8220;1\/2&#8243;][vc_column_text]<\/p>\n<p align=\"justify\"><span lang=\"de-DE\">Die Industrie, die sich mit dem Bau, Instandhaltung und Sanierung der Schiffssausr\u00fcst\u00fcngen in Europa besch\u00e4ftigt, ben\u00f6tigt seit Jahrzenten die besten Giessereien. Unsere geographische Lage und Tradition in dieser Branche geben uns die n\u00f6tige Erfahrung, um die Bedarfe unserer Kunden zu erf\u00fcllen. Der Wachstum in den Offshore und Oil&amp;Gas Branchen \u00f6ffnen neue Gelegenheiten und Anwendungen in der Schiffbauindustrie.<\/span><\/p>\n<p>[\/vc_column_text][\/vc_column][\/vc_row][vc_row][vc_column][vc_images_carousel images=&#8220;75188,75189,75191,74966,75024,74965,74963,75192&#8243; img_size=&#8220;full&#8220; slides_per_view=&#8220;3&#8243;][\/vc_column][\/vc_row]<\/p>\n","protected":false},"excerpt":{"rendered":"<p>[vc_row css=&#8220;.vc_custom_1433128525365{margin-top: 0px !important;margin-bottom: 40px !important;}&#8220;][vc_column width=&#8220;1\/2&#8243;][vc_single_image image=&#8220;74740&#8243; img_size=&#8220;full&#8220;][\/vc_column][vc_column width=&#8220;1\/2&#8243;][vc_column_text] Die Industrie, die sich mit dem Bau, Instandhaltung und Sanierung der Schiffssausr\u00fcst\u00fcngen in Europa besch\u00e4ftigt, ben\u00f6tigt seit Jahrzenten die besten Giessereien. Unsere geographische Lage und Tradition in dieser Branche geben uns die n\u00f6tige Erfahrung, um die Bedarfe unserer Kunden zu erf\u00fcllen. Der Wachstum in den [&hellip;]<\/p>\n","protected":false},"author":1,"featured_media":0,"parent":75481,"menu_order":0,"comment_status":"closed","ping_status":"closed","template":"","meta":{"footnotes":""},"class_list":["post-75489","page","type-page","status-publish","hentry"],"yoast_head":"<!-- This site is optimized with the Yoast SEO plugin v24.2 - https:\/\/yoast.com\/wordpress\/plugins\/seo\/ -->\n<title>Schiffbauindustrie - Guivisa<\/title>\n<meta name=\"robots\" content=\"index, follow, max-snippet:-1, max-image-preview:large, max-video-preview:-1\" \/>\n<link rel=\"canonical\" href=\"https:\/\/www.guivisa.com\/sectores\/naval\/\" \/>\n<meta property=\"og:locale\" content=\"de_DE\" \/>\n<meta property=\"og:type\" content=\"article\" \/>\n<meta property=\"og:title\" content=\"Schiffbauindustrie - Guivisa\" \/>\n<meta property=\"og:description\" content=\"[vc_row css=&#8220;.vc_custom_1433128525365{margin-top: 0px !important;margin-bottom: 40px !important;}&#8220;][vc_column width=&#8220;1\/2&#8243;][vc_single_image image=&#8220;74740&#8243; img_size=&#8220;full&#8220;][\/vc_column][vc_column width=&#8220;1\/2&#8243;][vc_column_text] Die Industrie, die sich mit dem Bau, Instandhaltung und Sanierung der Schiffssausr\u00fcst\u00fcngen in Europa besch\u00e4ftigt, ben\u00f6tigt seit Jahrzenten die besten Giessereien. Unsere geographische Lage und Tradition in dieser Branche geben uns die n\u00f6tige Erfahrung, um die Bedarfe unserer Kunden zu erf\u00fcllen. Der Wachstum in den [&hellip;]\" \/>\n<meta property=\"og:url\" content=\"https:\/\/www.guivisa.com\/sectores\/naval\/\" \/>\n<meta property=\"og:site_name\" content=\"Guivisa\" \/>\n<meta property=\"article:modified_time\" content=\"2017-03-01T08:34:49+00:00\" \/>\n<meta name=\"twitter:card\" content=\"summary_large_image\" \/>\n<meta name=\"twitter:label1\" content=\"Gesch\u00e4tzte Lesezeit\" \/>\n\t<meta name=\"twitter:data1\" content=\"1\u00a0Minute\" \/>\n<script type=\"application\/ld+json\" class=\"yoast-schema-graph\">{\"@context\":\"https:\/\/schema.org\",\"@graph\":[{\"@type\":\"WebPage\",\"@id\":\"https:\/\/www.guivisa.com\/sectores\/naval\/\",\"url\":\"https:\/\/www.guivisa.com\/sectores\/naval\/\",\"name\":\"Schiffbauindustrie - Guivisa\",\"isPartOf\":{\"@id\":\"https:\/\/www.guivisa.com\/#website\"},\"datePublished\":\"2016-03-18T10:08:12+00:00\",\"dateModified\":\"2017-03-01T08:34:49+00:00\",\"breadcrumb\":{\"@id\":\"https:\/\/www.guivisa.com\/sectores\/naval\/#breadcrumb\"},\"inLanguage\":\"de\",\"potentialAction\":[{\"@type\":\"ReadAction\",\"target\":[\"https:\/\/www.guivisa.com\/sectores\/naval\/\"]}]},{\"@type\":\"BreadcrumbList\",\"@id\":\"https:\/\/www.guivisa.com\/sectores\/naval\/#breadcrumb\",\"itemListElement\":[{\"@type\":\"ListItem\",\"position\":1,\"name\":\"Portada\",\"item\":\"https:\/\/www.guivisa.com\/de\/\"},{\"@type\":\"ListItem\",\"position\":2,\"name\":\"BRANCHEN\",\"item\":\"https:\/\/www.guivisa.com\/sectores\/\"},{\"@type\":\"ListItem\",\"position\":3,\"name\":\"Schiffbauindustrie\"}]},{\"@type\":\"WebSite\",\"@id\":\"https:\/\/www.guivisa.com\/#website\",\"url\":\"https:\/\/www.guivisa.com\/\",\"name\":\"Guivisa\",\"description\":\"\",\"publisher\":{\"@id\":\"https:\/\/www.guivisa.com\/#organization\"},\"potentialAction\":[{\"@type\":\"SearchAction\",\"target\":{\"@type\":\"EntryPoint\",\"urlTemplate\":\"https:\/\/www.guivisa.com\/?s={search_term_string}\"},\"query-input\":{\"@type\":\"PropertyValueSpecification\",\"valueRequired\":true,\"valueName\":\"search_term_string\"}}],\"inLanguage\":\"de\"},{\"@type\":\"Organization\",\"@id\":\"https:\/\/www.guivisa.com\/#organization\",\"name\":\"Guivisa\",\"url\":\"https:\/\/www.guivisa.com\/\",\"logo\":{\"@type\":\"ImageObject\",\"inLanguage\":\"de\",\"@id\":\"https:\/\/www.guivisa.com\/#\/schema\/logo\/image\/\",\"url\":\"https:\/\/www.guivisa.com\/wp-content\/uploads\/2015\/09\/logo1.png\",\"contentUrl\":\"https:\/\/www.guivisa.com\/wp-content\/uploads\/2015\/09\/logo1.png\",\"width\":356,\"height\":55,\"caption\":\"Guivisa\"},\"image\":{\"@id\":\"https:\/\/www.guivisa.com\/#\/schema\/logo\/image\/\"}}]}<\/script>\n<!-- \/ Yoast SEO plugin. -->","yoast_head_json":{"title":"Schiffbauindustrie - Guivisa","robots":{"index":"index","follow":"follow","max-snippet":"max-snippet:-1","max-image-preview":"max-image-preview:large","max-video-preview":"max-video-preview:-1"},"canonical":"https:\/\/www.guivisa.com\/sectores\/naval\/","og_locale":"de_DE","og_type":"article","og_title":"Schiffbauindustrie - Guivisa","og_description":"[vc_row css=&#8220;.vc_custom_1433128525365{margin-top: 0px !important;margin-bottom: 40px !important;}&#8220;][vc_column width=&#8220;1\/2&#8243;][vc_single_image image=&#8220;74740&#8243; img_size=&#8220;full&#8220;][\/vc_column][vc_column width=&#8220;1\/2&#8243;][vc_column_text] Die Industrie, die sich mit dem Bau, Instandhaltung und Sanierung der Schiffssausr\u00fcst\u00fcngen in Europa besch\u00e4ftigt, ben\u00f6tigt seit Jahrzenten die besten Giessereien. Unsere geographische Lage und Tradition in dieser Branche geben uns die n\u00f6tige Erfahrung, um die Bedarfe unserer Kunden zu erf\u00fcllen. Der Wachstum in den [&hellip;]","og_url":"https:\/\/www.guivisa.com\/sectores\/naval\/","og_site_name":"Guivisa","article_modified_time":"2017-03-01T08:34:49+00:00","twitter_card":"summary_large_image","twitter_misc":{"Gesch\u00e4tzte Lesezeit":"1\u00a0Minute"},"schema":{"@context":"https:\/\/schema.org","@graph":[{"@type":"WebPage","@id":"https:\/\/www.guivisa.com\/sectores\/naval\/","url":"https:\/\/www.guivisa.com\/sectores\/naval\/","name":"Schiffbauindustrie - Guivisa","isPartOf":{"@id":"https:\/\/www.guivisa.com\/#website"},"datePublished":"2016-03-18T10:08:12+00:00","dateModified":"2017-03-01T08:34:49+00:00","breadcrumb":{"@id":"https:\/\/www.guivisa.com\/sectores\/naval\/#breadcrumb"},"inLanguage":"de","potentialAction":[{"@type":"ReadAction","target":["https:\/\/www.guivisa.com\/sectores\/naval\/"]}]},{"@type":"BreadcrumbList","@id":"https:\/\/www.guivisa.com\/sectores\/naval\/#breadcrumb","itemListElement":[{"@type":"ListItem","position":1,"name":"Portada","item":"https:\/\/www.guivisa.com\/de\/"},{"@type":"ListItem","position":2,"name":"BRANCHEN","item":"https:\/\/www.guivisa.com\/sectores\/"},{"@type":"ListItem","position":3,"name":"Schiffbauindustrie"}]},{"@type":"WebSite","@id":"https:\/\/www.guivisa.com\/#website","url":"https:\/\/www.guivisa.com\/","name":"Guivisa","description":"","publisher":{"@id":"https:\/\/www.guivisa.com\/#organization"},"potentialAction":[{"@type":"SearchAction","target":{"@type":"EntryPoint","urlTemplate":"https:\/\/www.guivisa.com\/?s={search_term_string}"},"query-input":{"@type":"PropertyValueSpecification","valueRequired":true,"valueName":"search_term_string"}}],"inLanguage":"de"},{"@type":"Organization","@id":"https:\/\/www.guivisa.com\/#organization","name":"Guivisa","url":"https:\/\/www.guivisa.com\/","logo":{"@type":"ImageObject","inLanguage":"de","@id":"https:\/\/www.guivisa.com\/#\/schema\/logo\/image\/","url":"https:\/\/www.guivisa.com\/wp-content\/uploads\/2015\/09\/logo1.png","contentUrl":"https:\/\/www.guivisa.com\/wp-content\/uploads\/2015\/09\/logo1.png","width":356,"height":55,"caption":"Guivisa"},"image":{"@id":"https:\/\/www.guivisa.com\/#\/schema\/logo\/image\/"}}]}},"_links":{"self":[{"href":"https:\/\/www.guivisa.com\/de\/wp-json\/wp\/v2\/pages\/75489","targetHints":{"allow":["GET"]}}],"collection":[{"href":"https:\/\/www.guivisa.com\/de\/wp-json\/wp\/v2\/pages"}],"about":[{"href":"https:\/\/www.guivisa.com\/de\/wp-json\/wp\/v2\/types\/page"}],"author":[{"embeddable":true,"href":"https:\/\/www.guivisa.com\/de\/wp-json\/wp\/v2\/users\/1"}],"replies":[{"embeddable":true,"href":"https:\/\/www.guivisa.com\/de\/wp-json\/wp\/v2\/comments?post=75489"}],"version-history":[{"count":2,"href":"https:\/\/www.guivisa.com\/de\/wp-json\/wp\/v2\/pages\/75489\/revisions"}],"predecessor-version":[{"id":75593,"href":"https:\/\/www.guivisa.com\/de\/wp-json\/wp\/v2\/pages\/75489\/revisions\/75593"}],"up":[{"embeddable":true,"href":"https:\/\/www.guivisa.com\/de\/wp-json\/wp\/v2\/pages\/75481"}],"wp:attachment":[{"href":"https:\/\/www.guivisa.com\/de\/wp-json\/wp\/v2\/media?parent=75489"}],"curies":[{"name":"wp","href":"https:\/\/api.w.org\/{rel}","templated":true}]}}