{"id":75491,"date":"2016-03-18T10:13:44","date_gmt":"2016-03-18T10:13:44","guid":{"rendered":"http:\/\/www.guivisa.com\/de\/branchen\/architecture-3\/"},"modified":"2017-02-14T13:29:34","modified_gmt":"2017-02-14T13:29:34","slug":"bahn","status":"publish","type":"page","link":"https:\/\/www.guivisa.com\/de\/branchen\/bahn\/","title":{"rendered":"Bahn"},"content":{"rendered":"<p>[vc_row css=&#8220;.vc_custom_1433128525365{margin-top: 0px !important;margin-bottom: 40px !important;}&#8220;][vc_column width=&#8220;1\/2&#8243;][vc_single_image image=&#8220;74745&#8243; img_size=&#8220;full&#8220;][\/vc_column][vc_column width=&#8220;1\/2&#8243;][vc_column_text]<\/p>\n<p align=\"justify\"><span lang=\"de-DE\">Guivisa stellt seit \u00fcber 30 Jahren Gussteile f\u00fcr diese Branche, die Teile von hoher Verantwortung und Mehrwert fordert, her.<\/span><\/p>\n<p align=\"justify\"><span lang=\"de-DE\">Die international marktleitenden Transportunternehmen vertrauen unsere Produkte, die die h\u00f6chsten Qualit\u00e4tsstufen erf\u00fcllen.<\/span><\/p>\n<p>[\/vc_column_text][\/vc_column][\/vc_row][vc_row][vc_column][vc_images_carousel images=&#8220;75197,75198,75090,74993&#8243; img_size=&#8220;full&#8220; slides_per_view=&#8220;3&#8243;][\/vc_column][\/vc_row]<\/p>\n","protected":false},"excerpt":{"rendered":"<p>[vc_row css=&#8220;.vc_custom_1433128525365{margin-top: 0px !important;margin-bottom: 40px !important;}&#8220;][vc_column width=&#8220;1\/2&#8243;][vc_single_image image=&#8220;74745&#8243; img_size=&#8220;full&#8220;][\/vc_column][vc_column width=&#8220;1\/2&#8243;][vc_column_text] Guivisa stellt seit \u00fcber 30 Jahren Gussteile f\u00fcr diese Branche, die Teile von hoher Verantwortung und Mehrwert fordert, her. Die international marktleitenden Transportunternehmen vertrauen unsere Produkte, die die h\u00f6chsten Qualit\u00e4tsstufen erf\u00fcllen. [\/vc_column_text][\/vc_column][\/vc_row][vc_row][vc_column][vc_images_carousel images=&#8220;75197,75198,75090,74993&#8243; img_size=&#8220;full&#8220; slides_per_view=&#8220;3&#8243;][\/vc_column][\/vc_row]<\/p>\n","protected":false},"author":1,"featured_media":0,"parent":75481,"menu_order":0,"comment_status":"closed","ping_status":"closed","template":"","meta":{"footnotes":""},"class_list":["post-75491","page","type-page","status-publish","hentry"],"yoast_head":"<!-- This site is optimized with the Yoast SEO plugin v24.2 - https:\/\/yoast.com\/wordpress\/plugins\/seo\/ -->\n<title>Bahn - Guivisa<\/title>\n<meta name=\"robots\" content=\"index, follow, max-snippet:-1, max-image-preview:large, max-video-preview:-1\" \/>\n<link rel=\"canonical\" href=\"https:\/\/www.guivisa.com\/sectores\/ferrocarril\/\" \/>\n<meta property=\"og:locale\" content=\"de_DE\" \/>\n<meta property=\"og:type\" content=\"article\" \/>\n<meta property=\"og:title\" content=\"Bahn - Guivisa\" \/>\n<meta property=\"og:description\" content=\"[vc_row css=&#8220;.vc_custom_1433128525365{margin-top: 0px !important;margin-bottom: 40px !important;}&#8220;][vc_column width=&#8220;1\/2&#8243;][vc_single_image image=&#8220;74745&#8243; img_size=&#8220;full&#8220;][\/vc_column][vc_column width=&#8220;1\/2&#8243;][vc_column_text] Guivisa stellt seit \u00fcber 30 Jahren Gussteile f\u00fcr diese Branche, die Teile von hoher Verantwortung und Mehrwert fordert, her. Die international marktleitenden Transportunternehmen vertrauen unsere Produkte, die die h\u00f6chsten Qualit\u00e4tsstufen erf\u00fcllen. [\/vc_column_text][\/vc_column][\/vc_row][vc_row][vc_column][vc_images_carousel images=&#8220;75197,75198,75090,74993&#8243; img_size=&#8220;full&#8220; slides_per_view=&#8220;3&#8243;][\/vc_column][\/vc_row]\" \/>\n<meta property=\"og:url\" content=\"https:\/\/www.guivisa.com\/sectores\/ferrocarril\/\" \/>\n<meta property=\"og:site_name\" content=\"Guivisa\" \/>\n<meta property=\"article:modified_time\" content=\"2017-02-14T13:29:34+00:00\" \/>\n<meta name=\"twitter:card\" content=\"summary_large_image\" \/>\n<script type=\"application\/ld+json\" class=\"yoast-schema-graph\">{\"@context\":\"https:\/\/schema.org\",\"@graph\":[{\"@type\":\"WebPage\",\"@id\":\"https:\/\/www.guivisa.com\/sectores\/ferrocarril\/\",\"url\":\"https:\/\/www.guivisa.com\/sectores\/ferrocarril\/\",\"name\":\"Bahn - Guivisa\",\"isPartOf\":{\"@id\":\"https:\/\/www.guivisa.com\/#website\"},\"datePublished\":\"2016-03-18T10:13:44+00:00\",\"dateModified\":\"2017-02-14T13:29:34+00:00\",\"breadcrumb\":{\"@id\":\"https:\/\/www.guivisa.com\/sectores\/ferrocarril\/#breadcrumb\"},\"inLanguage\":\"de\",\"potentialAction\":[{\"@type\":\"ReadAction\",\"target\":[\"https:\/\/www.guivisa.com\/sectores\/ferrocarril\/\"]}]},{\"@type\":\"BreadcrumbList\",\"@id\":\"https:\/\/www.guivisa.com\/sectores\/ferrocarril\/#breadcrumb\",\"itemListElement\":[{\"@type\":\"ListItem\",\"position\":1,\"name\":\"Portada\",\"item\":\"https:\/\/www.guivisa.com\/de\/\"},{\"@type\":\"ListItem\",\"position\":2,\"name\":\"BRANCHEN\",\"item\":\"https:\/\/www.guivisa.com\/sectores\/\"},{\"@type\":\"ListItem\",\"position\":3,\"name\":\"Bahn\"}]},{\"@type\":\"WebSite\",\"@id\":\"https:\/\/www.guivisa.com\/#website\",\"url\":\"https:\/\/www.guivisa.com\/\",\"name\":\"Guivisa\",\"description\":\"\",\"publisher\":{\"@id\":\"https:\/\/www.guivisa.com\/#organization\"},\"potentialAction\":[{\"@type\":\"SearchAction\",\"target\":{\"@type\":\"EntryPoint\",\"urlTemplate\":\"https:\/\/www.guivisa.com\/?s={search_term_string}\"},\"query-input\":{\"@type\":\"PropertyValueSpecification\",\"valueRequired\":true,\"valueName\":\"search_term_string\"}}],\"inLanguage\":\"de\"},{\"@type\":\"Organization\",\"@id\":\"https:\/\/www.guivisa.com\/#organization\",\"name\":\"Guivisa\",\"url\":\"https:\/\/www.guivisa.com\/\",\"logo\":{\"@type\":\"ImageObject\",\"inLanguage\":\"de\",\"@id\":\"https:\/\/www.guivisa.com\/#\/schema\/logo\/image\/\",\"url\":\"https:\/\/www.guivisa.com\/wp-content\/uploads\/2015\/09\/logo1.png\",\"contentUrl\":\"https:\/\/www.guivisa.com\/wp-content\/uploads\/2015\/09\/logo1.png\",\"width\":356,\"height\":55,\"caption\":\"Guivisa\"},\"image\":{\"@id\":\"https:\/\/www.guivisa.com\/#\/schema\/logo\/image\/\"}}]}<\/script>\n<!-- \/ Yoast SEO plugin. -->","yoast_head_json":{"title":"Bahn - Guivisa","robots":{"index":"index","follow":"follow","max-snippet":"max-snippet:-1","max-image-preview":"max-image-preview:large","max-video-preview":"max-video-preview:-1"},"canonical":"https:\/\/www.guivisa.com\/sectores\/ferrocarril\/","og_locale":"de_DE","og_type":"article","og_title":"Bahn - Guivisa","og_description":"[vc_row css=&#8220;.vc_custom_1433128525365{margin-top: 0px !important;margin-bottom: 40px !important;}&#8220;][vc_column width=&#8220;1\/2&#8243;][vc_single_image image=&#8220;74745&#8243; img_size=&#8220;full&#8220;][\/vc_column][vc_column width=&#8220;1\/2&#8243;][vc_column_text] Guivisa stellt seit \u00fcber 30 Jahren Gussteile f\u00fcr diese Branche, die Teile von hoher Verantwortung und Mehrwert fordert, her. Die international marktleitenden Transportunternehmen vertrauen unsere Produkte, die die h\u00f6chsten Qualit\u00e4tsstufen erf\u00fcllen. [\/vc_column_text][\/vc_column][\/vc_row][vc_row][vc_column][vc_images_carousel images=&#8220;75197,75198,75090,74993&#8243; img_size=&#8220;full&#8220; slides_per_view=&#8220;3&#8243;][\/vc_column][\/vc_row]","og_url":"https:\/\/www.guivisa.com\/sectores\/ferrocarril\/","og_site_name":"Guivisa","article_modified_time":"2017-02-14T13:29:34+00:00","twitter_card":"summary_large_image","schema":{"@context":"https:\/\/schema.org","@graph":[{"@type":"WebPage","@id":"https:\/\/www.guivisa.com\/sectores\/ferrocarril\/","url":"https:\/\/www.guivisa.com\/sectores\/ferrocarril\/","name":"Bahn - Guivisa","isPartOf":{"@id":"https:\/\/www.guivisa.com\/#website"},"datePublished":"2016-03-18T10:13:44+00:00","dateModified":"2017-02-14T13:29:34+00:00","breadcrumb":{"@id":"https:\/\/www.guivisa.com\/sectores\/ferrocarril\/#breadcrumb"},"inLanguage":"de","potentialAction":[{"@type":"ReadAction","target":["https:\/\/www.guivisa.com\/sectores\/ferrocarril\/"]}]},{"@type":"BreadcrumbList","@id":"https:\/\/www.guivisa.com\/sectores\/ferrocarril\/#breadcrumb","itemListElement":[{"@type":"ListItem","position":1,"name":"Portada","item":"https:\/\/www.guivisa.com\/de\/"},{"@type":"ListItem","position":2,"name":"BRANCHEN","item":"https:\/\/www.guivisa.com\/sectores\/"},{"@type":"ListItem","position":3,"name":"Bahn"}]},{"@type":"WebSite","@id":"https:\/\/www.guivisa.com\/#website","url":"https:\/\/www.guivisa.com\/","name":"Guivisa","description":"","publisher":{"@id":"https:\/\/www.guivisa.com\/#organization"},"potentialAction":[{"@type":"SearchAction","target":{"@type":"EntryPoint","urlTemplate":"https:\/\/www.guivisa.com\/?s={search_term_string}"},"query-input":{"@type":"PropertyValueSpecification","valueRequired":true,"valueName":"search_term_string"}}],"inLanguage":"de"},{"@type":"Organization","@id":"https:\/\/www.guivisa.com\/#organization","name":"Guivisa","url":"https:\/\/www.guivisa.com\/","logo":{"@type":"ImageObject","inLanguage":"de","@id":"https:\/\/www.guivisa.com\/#\/schema\/logo\/image\/","url":"https:\/\/www.guivisa.com\/wp-content\/uploads\/2015\/09\/logo1.png","contentUrl":"https:\/\/www.guivisa.com\/wp-content\/uploads\/2015\/09\/logo1.png","width":356,"height":55,"caption":"Guivisa"},"image":{"@id":"https:\/\/www.guivisa.com\/#\/schema\/logo\/image\/"}}]}},"_links":{"self":[{"href":"https:\/\/www.guivisa.com\/de\/wp-json\/wp\/v2\/pages\/75491","targetHints":{"allow":["GET"]}}],"collection":[{"href":"https:\/\/www.guivisa.com\/de\/wp-json\/wp\/v2\/pages"}],"about":[{"href":"https:\/\/www.guivisa.com\/de\/wp-json\/wp\/v2\/types\/page"}],"author":[{"embeddable":true,"href":"https:\/\/www.guivisa.com\/de\/wp-json\/wp\/v2\/users\/1"}],"replies":[{"embeddable":true,"href":"https:\/\/www.guivisa.com\/de\/wp-json\/wp\/v2\/comments?post=75491"}],"version-history":[{"count":1,"href":"https:\/\/www.guivisa.com\/de\/wp-json\/wp\/v2\/pages\/75491\/revisions"}],"predecessor-version":[{"id":75492,"href":"https:\/\/www.guivisa.com\/de\/wp-json\/wp\/v2\/pages\/75491\/revisions\/75492"}],"up":[{"embeddable":true,"href":"https:\/\/www.guivisa.com\/de\/wp-json\/wp\/v2\/pages\/75481"}],"wp:attachment":[{"href":"https:\/\/www.guivisa.com\/de\/wp-json\/wp\/v2\/media?parent=75491"}],"curies":[{"name":"wp","href":"https:\/\/api.w.org\/{rel}","templated":true}]}}