{"id":75507,"date":"2016-04-04T05:43:34","date_gmt":"2016-04-04T05:43:34","guid":{"rendered":"http:\/\/www.guivisa.com\/de\/branchen\/architecture-6-3\/"},"modified":"2017-03-01T08:33:17","modified_gmt":"2017-03-01T08:33:17","slug":"windkraft","status":"publish","type":"page","link":"https:\/\/www.guivisa.com\/de\/branchen\/windkraft\/","title":{"rendered":"Windkraft"},"content":{"rendered":"<p>[vc_row css=&#8220;.vc_custom_1433128525365{margin-top: 0px !important;margin-bottom: 40px !important;}&#8220;][vc_column width=&#8220;1\/2&#8243;][vc_single_image image=&#8220;74810&#8243; img_size=&#8220;full&#8220;][\/vc_column][vc_column width=&#8220;1\/2&#8243;][vc_column_text]<\/p>\n<p align=\"justify\"><span lang=\"de-DE\">Unter den gr\u00fcnen Energien ist die Windkraftbranche eine der h\u00f6chst entwickelten und mit gr\u00f6sserem Wachstum in der Weltindustrie. Hochbeanspruchsvolle Teile werden in diesem Sektor ben\u00f6tigt und wir sind hier seit \u00fcber 30 Jahren vorhanden. Damit haben wir die Erfahrung und Qualit\u00e4t die in dieser Industrie gefordert wird.<\/span><\/p>\n<p>[\/vc_column_text][\/vc_column][\/vc_row]<\/p>\n","protected":false},"excerpt":{"rendered":"<p>[vc_row css=&#8220;.vc_custom_1433128525365{margin-top: 0px !important;margin-bottom: 40px !important;}&#8220;][vc_column width=&#8220;1\/2&#8243;][vc_single_image image=&#8220;74810&#8243; img_size=&#8220;full&#8220;][\/vc_column][vc_column width=&#8220;1\/2&#8243;][vc_column_text] Unter den gr\u00fcnen Energien ist die Windkraftbranche eine der h\u00f6chst entwickelten und mit gr\u00f6sserem Wachstum in der Weltindustrie. Hochbeanspruchsvolle Teile werden in diesem Sektor ben\u00f6tigt und wir sind hier seit \u00fcber 30 Jahren vorhanden. Damit haben wir die Erfahrung und Qualit\u00e4t die in dieser Industrie [&hellip;]<\/p>\n","protected":false},"author":1,"featured_media":0,"parent":75481,"menu_order":0,"comment_status":"closed","ping_status":"closed","template":"","meta":{"footnotes":""},"class_list":["post-75507","page","type-page","status-publish","hentry"],"yoast_head":"<!-- This site is optimized with the Yoast SEO plugin v24.2 - https:\/\/yoast.com\/wordpress\/plugins\/seo\/ -->\n<title>Windkraft - Guivisa<\/title>\n<meta name=\"robots\" content=\"index, follow, max-snippet:-1, max-image-preview:large, max-video-preview:-1\" \/>\n<link rel=\"canonical\" href=\"https:\/\/www.guivisa.com\/sectores\/eolico\/\" \/>\n<meta property=\"og:locale\" content=\"de_DE\" \/>\n<meta property=\"og:type\" content=\"article\" \/>\n<meta property=\"og:title\" content=\"Windkraft - Guivisa\" \/>\n<meta property=\"og:description\" content=\"[vc_row css=&#8220;.vc_custom_1433128525365{margin-top: 0px !important;margin-bottom: 40px !important;}&#8220;][vc_column width=&#8220;1\/2&#8243;][vc_single_image image=&#8220;74810&#8243; img_size=&#8220;full&#8220;][\/vc_column][vc_column width=&#8220;1\/2&#8243;][vc_column_text] Unter den gr\u00fcnen Energien ist die Windkraftbranche eine der h\u00f6chst entwickelten und mit gr\u00f6sserem Wachstum in der Weltindustrie. Hochbeanspruchsvolle Teile werden in diesem Sektor ben\u00f6tigt und wir sind hier seit \u00fcber 30 Jahren vorhanden. Damit haben wir die Erfahrung und Qualit\u00e4t die in dieser Industrie [&hellip;]\" \/>\n<meta property=\"og:url\" content=\"https:\/\/www.guivisa.com\/sectores\/eolico\/\" \/>\n<meta property=\"og:site_name\" content=\"Guivisa\" \/>\n<meta property=\"article:modified_time\" content=\"2017-03-01T08:33:17+00:00\" \/>\n<meta name=\"twitter:card\" content=\"summary_large_image\" \/>\n<script type=\"application\/ld+json\" class=\"yoast-schema-graph\">{\"@context\":\"https:\/\/schema.org\",\"@graph\":[{\"@type\":\"WebPage\",\"@id\":\"https:\/\/www.guivisa.com\/sectores\/eolico\/\",\"url\":\"https:\/\/www.guivisa.com\/sectores\/eolico\/\",\"name\":\"Windkraft - Guivisa\",\"isPartOf\":{\"@id\":\"https:\/\/www.guivisa.com\/#website\"},\"datePublished\":\"2016-04-04T05:43:34+00:00\",\"dateModified\":\"2017-03-01T08:33:17+00:00\",\"breadcrumb\":{\"@id\":\"https:\/\/www.guivisa.com\/sectores\/eolico\/#breadcrumb\"},\"inLanguage\":\"de\",\"potentialAction\":[{\"@type\":\"ReadAction\",\"target\":[\"https:\/\/www.guivisa.com\/sectores\/eolico\/\"]}]},{\"@type\":\"BreadcrumbList\",\"@id\":\"https:\/\/www.guivisa.com\/sectores\/eolico\/#breadcrumb\",\"itemListElement\":[{\"@type\":\"ListItem\",\"position\":1,\"name\":\"Portada\",\"item\":\"https:\/\/www.guivisa.com\/de\/\"},{\"@type\":\"ListItem\",\"position\":2,\"name\":\"BRANCHEN\",\"item\":\"https:\/\/www.guivisa.com\/sectores\/\"},{\"@type\":\"ListItem\",\"position\":3,\"name\":\"Windkraft\"}]},{\"@type\":\"WebSite\",\"@id\":\"https:\/\/www.guivisa.com\/#website\",\"url\":\"https:\/\/www.guivisa.com\/\",\"name\":\"Guivisa\",\"description\":\"\",\"publisher\":{\"@id\":\"https:\/\/www.guivisa.com\/#organization\"},\"potentialAction\":[{\"@type\":\"SearchAction\",\"target\":{\"@type\":\"EntryPoint\",\"urlTemplate\":\"https:\/\/www.guivisa.com\/?s={search_term_string}\"},\"query-input\":{\"@type\":\"PropertyValueSpecification\",\"valueRequired\":true,\"valueName\":\"search_term_string\"}}],\"inLanguage\":\"de\"},{\"@type\":\"Organization\",\"@id\":\"https:\/\/www.guivisa.com\/#organization\",\"name\":\"Guivisa\",\"url\":\"https:\/\/www.guivisa.com\/\",\"logo\":{\"@type\":\"ImageObject\",\"inLanguage\":\"de\",\"@id\":\"https:\/\/www.guivisa.com\/#\/schema\/logo\/image\/\",\"url\":\"https:\/\/www.guivisa.com\/wp-content\/uploads\/2015\/09\/logo1.png\",\"contentUrl\":\"https:\/\/www.guivisa.com\/wp-content\/uploads\/2015\/09\/logo1.png\",\"width\":356,\"height\":55,\"caption\":\"Guivisa\"},\"image\":{\"@id\":\"https:\/\/www.guivisa.com\/#\/schema\/logo\/image\/\"}}]}<\/script>\n<!-- \/ Yoast SEO plugin. -->","yoast_head_json":{"title":"Windkraft - Guivisa","robots":{"index":"index","follow":"follow","max-snippet":"max-snippet:-1","max-image-preview":"max-image-preview:large","max-video-preview":"max-video-preview:-1"},"canonical":"https:\/\/www.guivisa.com\/sectores\/eolico\/","og_locale":"de_DE","og_type":"article","og_title":"Windkraft - Guivisa","og_description":"[vc_row css=&#8220;.vc_custom_1433128525365{margin-top: 0px !important;margin-bottom: 40px !important;}&#8220;][vc_column width=&#8220;1\/2&#8243;][vc_single_image image=&#8220;74810&#8243; img_size=&#8220;full&#8220;][\/vc_column][vc_column width=&#8220;1\/2&#8243;][vc_column_text] Unter den gr\u00fcnen Energien ist die Windkraftbranche eine der h\u00f6chst entwickelten und mit gr\u00f6sserem Wachstum in der Weltindustrie. Hochbeanspruchsvolle Teile werden in diesem Sektor ben\u00f6tigt und wir sind hier seit \u00fcber 30 Jahren vorhanden. Damit haben wir die Erfahrung und Qualit\u00e4t die in dieser Industrie [&hellip;]","og_url":"https:\/\/www.guivisa.com\/sectores\/eolico\/","og_site_name":"Guivisa","article_modified_time":"2017-03-01T08:33:17+00:00","twitter_card":"summary_large_image","schema":{"@context":"https:\/\/schema.org","@graph":[{"@type":"WebPage","@id":"https:\/\/www.guivisa.com\/sectores\/eolico\/","url":"https:\/\/www.guivisa.com\/sectores\/eolico\/","name":"Windkraft - Guivisa","isPartOf":{"@id":"https:\/\/www.guivisa.com\/#website"},"datePublished":"2016-04-04T05:43:34+00:00","dateModified":"2017-03-01T08:33:17+00:00","breadcrumb":{"@id":"https:\/\/www.guivisa.com\/sectores\/eolico\/#breadcrumb"},"inLanguage":"de","potentialAction":[{"@type":"ReadAction","target":["https:\/\/www.guivisa.com\/sectores\/eolico\/"]}]},{"@type":"BreadcrumbList","@id":"https:\/\/www.guivisa.com\/sectores\/eolico\/#breadcrumb","itemListElement":[{"@type":"ListItem","position":1,"name":"Portada","item":"https:\/\/www.guivisa.com\/de\/"},{"@type":"ListItem","position":2,"name":"BRANCHEN","item":"https:\/\/www.guivisa.com\/sectores\/"},{"@type":"ListItem","position":3,"name":"Windkraft"}]},{"@type":"WebSite","@id":"https:\/\/www.guivisa.com\/#website","url":"https:\/\/www.guivisa.com\/","name":"Guivisa","description":"","publisher":{"@id":"https:\/\/www.guivisa.com\/#organization"},"potentialAction":[{"@type":"SearchAction","target":{"@type":"EntryPoint","urlTemplate":"https:\/\/www.guivisa.com\/?s={search_term_string}"},"query-input":{"@type":"PropertyValueSpecification","valueRequired":true,"valueName":"search_term_string"}}],"inLanguage":"de"},{"@type":"Organization","@id":"https:\/\/www.guivisa.com\/#organization","name":"Guivisa","url":"https:\/\/www.guivisa.com\/","logo":{"@type":"ImageObject","inLanguage":"de","@id":"https:\/\/www.guivisa.com\/#\/schema\/logo\/image\/","url":"https:\/\/www.guivisa.com\/wp-content\/uploads\/2015\/09\/logo1.png","contentUrl":"https:\/\/www.guivisa.com\/wp-content\/uploads\/2015\/09\/logo1.png","width":356,"height":55,"caption":"Guivisa"},"image":{"@id":"https:\/\/www.guivisa.com\/#\/schema\/logo\/image\/"}}]}},"_links":{"self":[{"href":"https:\/\/www.guivisa.com\/de\/wp-json\/wp\/v2\/pages\/75507","targetHints":{"allow":["GET"]}}],"collection":[{"href":"https:\/\/www.guivisa.com\/de\/wp-json\/wp\/v2\/pages"}],"about":[{"href":"https:\/\/www.guivisa.com\/de\/wp-json\/wp\/v2\/types\/page"}],"author":[{"embeddable":true,"href":"https:\/\/www.guivisa.com\/de\/wp-json\/wp\/v2\/users\/1"}],"replies":[{"embeddable":true,"href":"https:\/\/www.guivisa.com\/de\/wp-json\/wp\/v2\/comments?post=75507"}],"version-history":[{"count":2,"href":"https:\/\/www.guivisa.com\/de\/wp-json\/wp\/v2\/pages\/75507\/revisions"}],"predecessor-version":[{"id":75589,"href":"https:\/\/www.guivisa.com\/de\/wp-json\/wp\/v2\/pages\/75507\/revisions\/75589"}],"up":[{"embeddable":true,"href":"https:\/\/www.guivisa.com\/de\/wp-json\/wp\/v2\/pages\/75481"}],"wp:attachment":[{"href":"https:\/\/www.guivisa.com\/de\/wp-json\/wp\/v2\/media?parent=75507"}],"curies":[{"name":"wp","href":"https:\/\/api.w.org\/{rel}","templated":true}]}}