{"id":75570,"date":"2016-11-10T19:28:28","date_gmt":"2016-11-10T19:28:28","guid":{"rendered":"http:\/\/www.guivisa.com\/de\/homepage-07\/"},"modified":"2017-09-12T11:49:45","modified_gmt":"2017-09-12T11:49:45","slug":"homepage-07","status":"publish","type":"page","link":"https:\/\/www.guivisa.com\/de\/","title":{"rendered":"Homepage"},"content":{"rendered":"<p>[vc_row type=&#8220;full_width&#8220; full_width=&#8220;stretch_row&#8220;][vc_column][rev_slider_vc alias=&#8220;homepage&#8220;][\/vc_column][\/vc_row][vc_row el_class=&#8220;align-center services services-2&#8243; css=&#8220;.vc_custom_1457710614378{padding-top: 60px !important;padding-bottom: 60px !important;background-image: url(http:\/\/www.guivisa.com\/wp-content\/uploads\/2015\/05\/servicios_home.jpg?id=74661) !important;}&#8220;][vc_column][vc_custom_heading text=&#8220;Our Services&#8220; font_container=&#8220;tag:h2|text_align:center|color:%23111111&#8243; el_class=&#8220;heading-title-2&#8243;][vc_row_inner][vc_column_inner width=&#8220;1\/3&#8243;][vc_icon icon_fontawesome=&#8220;fa fa-cogs&#8220; color=&#8220;white&#8220; background_style=&#8220;boxed&#8220; background_color=&#8220;custom&#8220; size=&#8220;lg&#8220; align=&#8220;center&#8220; custom_background_color=&#8220;#0b5a9d&#8220; el_class=&#8220; azul&#8220;][vc_column_text]<\/p>\n<h3>Design + Prozesse<\/h3>\n<p>Aus einer Kombination von Simulationstechnologie (Novacast) und dem Wissen und Erfahrung unserer Technischen Abteilung, pr\u00fcfen wir die optimale Giessweise jedes einzelnen Gussteiles.[\/vc_column_text][vc_btn title=&#8220;More info&#8220; style=&#8220;outline&#8220; shape=&#8220;square&#8220; link=&#8220;url:http%3A%2F%2Fwww.guivisa.com%2F%3Fpage_id%3D59||&#8220;][\/vc_column_inner][vc_column_inner width=&#8220;1\/3&#8243;][vc_icon icon_fontawesome=&#8220;fa fa-bookmark&#8220; color=&#8220;white&#8220; background_style=&#8220;boxed&#8220; background_color=&#8220;custom&#8220; size=&#8220;lg&#8220; align=&#8220;center&#8220; custom_background_color=&#8220;#0b5a9d&#8220; el_class=&#8220; azul&#8220;][vc_column_text]<\/p>\n<h3>Qualit\u00e4t<\/h3>\n<div class=\"vc_row wpb_row \">\n<div class=\" boxed\">\n<div class=\"container\">\n<div class=\"row\">\n<div class=\"wpb_column vc_column_container col-sm-12 col-lg-12\">\n<div class=\"wpb_wrapper\">\n<div class=\"wpb_text_column wpb_content_element \">\n<div class=\"wpb_wrapper\">\n<p>Guivisa produziert Produkte f\u00fcr einen diversen und anspruchsvollen Markt, mit dem Kompromiss diese nach dessen Vorschriften und Anspr\u00fcchen herzustellen und nach Vertragsangaben und Anforderungen auszuf\u00fchren.<\/p>\n<\/div>\n<\/div>\n<\/div>\n<\/div>\n<\/div>\n<\/div>\n<\/div>\n<\/div>\n<div class=\"vc_row wpb_row \"><\/div>\n<p>[\/vc_column_text][vc_btn title=&#8220;More info&#8220; style=&#8220;outline&#8220; shape=&#8220;square&#8220; link=&#8220;url:http%3A%2F%2Fwww.guivisa.com%2F%3Fpage_id%3D74901||&#8220;][\/vc_column_inner][vc_column_inner width=&#8220;1\/3&#8243;][vc_icon icon_fontawesome=&#8220;fa fa-cubes&#8220; color=&#8220;white&#8220; background_style=&#8220;boxed&#8220; background_color=&#8220;custom&#8220; size=&#8220;lg&#8220; align=&#8220;center&#8220; custom_background_color=&#8220;#0b5a9d&#8220; el_class=&#8220; azul&#8220;][vc_column_text]<\/p>\n<h3>Branchen<\/h3>\n<p>Wir arbeiten f\u00fcr diversifizierter Wachstumsmarkt mit die h\u00f6chsten Erwartungen.[\/vc_column_text][vc_btn title=&#8220;More info&#8220; style=&#8220;outline&#8220; shape=&#8220;square&#8220; link=&#8220;url:http%3A%2F%2Fwww.guivisa.com%2F%3Fpage_id%3D74746||&#8220;][\/vc_column_inner][\/vc_row_inner][\/vc_column][\/vc_row][vc_row el_class=&#8220;dreams&#8220; css=&#8220;.vc_custom_1457697019751{padding-top: 100px !important;padding-bottom: 100px !important;background-image: url(http:\/\/www.guivisa.com\/wp-content\/uploads\/2015\/05\/slogan_portada.jpg?id=74644) !important;}&#8220;][vc_column width=&#8220;1\/2&#8243;][vc_custom_heading text=&#8220;Convertimos proyectos en realidad&#8220; font_container=&#8220;tag:h3|font_size:60|text_align:left|color:%23ffffff|line_height:1&#8243;][\/vc_column][vc_column width=&#8220;1\/2&#8243;][vc_column_text]<br \/>\n[\/vc_column_text][\/vc_column][\/vc_row][vc_row el_class=&#8220;dreams&#8220; css=&#8220;.vc_custom_1473248390122{padding-top: 150px !important;padding-bottom: 150px !important;background-image: url(http:\/\/www.guivisa.com\/wp-content\/uploads\/2015\/05\/palabras.jpg?id=75063) !important;}&#8220;][vc_column width=&#8220;1\/2&#8243;][vc_column_text]<br \/>\n[\/vc_column_text][\/vc_column][vc_column width=&#8220;1\/2&#8243;][vc_column_text]<br \/>\n[\/vc_column_text][\/vc_column][\/vc_row][vc_row type=&#8220;full_width&#8220; el_id=&#8220;home8_worldmap&#8220; css=&#8220;.vc_custom_1473245761574{margin-top: 0px !important;margin-bottom: 0px !important;padding-top: 170px !important;padding-bottom: 230px !important;background-image: url(http:\/\/www.guivisa.com\/wp-content\/uploads\/2015\/05\/mapa.png?id=74656) !important;background-position: center !important;background-repeat: no-repeat !important;background-size: contain !important;}&#8220; el_class=&#8220;borrar&#8220;][vc_column][vc_column_text el_class=&#8220;home8_worldmap_heading&#8220;]<\/p>\n<p><span style=\"color: #0b5a9d;\">Internacional<\/span><\/p>\n<p>[\/vc_column_text][vc_custom_heading text=&#8220;Nam viverra scelerisque turpis id fermentum. Sed bibendum sit amet odio tempor venenatis. Quisque<br \/>\nvel lectus sem. Sed convallis ligula sit amet. Quisque vel lectus sem.&#8220; font_container=&#8220;tag:div|font_size:14|text_align:center|color:%23999999&#8243; use_theme_fonts=&#8220;yes&#8220; css=&#8220;.vc_custom_1440385627034{padding-right: 15px !important;padding-left: 15px !important;}&#8220;][\/vc_column][\/vc_row]<\/p>\n","protected":false},"excerpt":{"rendered":"<p>[vc_row type=&#8220;full_width&#8220; full_width=&#8220;stretch_row&#8220;][vc_column][rev_slider_vc alias=&#8220;homepage&#8220;][\/vc_column][\/vc_row][vc_row el_class=&#8220;align-center services services-2&#8243; css=&#8220;.vc_custom_1457710614378{padding-top: 60px !important;padding-bottom: 60px !important;background-image: url(http:\/\/www.guivisa.com\/wp-content\/uploads\/2015\/05\/servicios_home.jpg?id=74661) !important;}&#8220;][vc_column][vc_custom_heading text=&#8220;Our Services&#8220; font_container=&#8220;tag:h2|text_align:center|color:%23111111&#8243; el_class=&#8220;heading-title-2&#8243;][vc_row_inner][vc_column_inner width=&#8220;1\/3&#8243;][vc_icon icon_fontawesome=&#8220;fa fa-cogs&#8220; color=&#8220;white&#8220; background_style=&#8220;boxed&#8220; background_color=&#8220;custom&#8220; size=&#8220;lg&#8220; align=&#8220;center&#8220; custom_background_color=&#8220;#0b5a9d&#8220; el_class=&#8220; azul&#8220;][vc_column_text] Design + Prozesse Aus einer Kombination von Simulationstechnologie (Novacast) und dem Wissen und Erfahrung unserer Technischen Abteilung, pr\u00fcfen wir die optimale Giessweise jedes einzelnen Gussteiles.[\/vc_column_text][vc_btn title=&#8220;More [&hellip;]<\/p>\n","protected":false},"author":1,"featured_media":0,"parent":0,"menu_order":0,"comment_status":"closed","ping_status":"closed","template":"","meta":{"footnotes":""},"class_list":["post-75570","page","type-page","status-publish","hentry"],"yoast_head":"<!-- This site is optimized with the Yoast SEO plugin v24.2 - https:\/\/yoast.com\/wordpress\/plugins\/seo\/ -->\n<title>Homepage - Guivisa<\/title>\n<meta name=\"robots\" content=\"index, follow, max-snippet:-1, max-image-preview:large, max-video-preview:-1\" \/>\n<link rel=\"canonical\" href=\"https:\/\/www.guivisa.com\/de\/\" \/>\n<meta property=\"og:locale\" content=\"de_DE\" \/>\n<meta property=\"og:type\" content=\"article\" \/>\n<meta property=\"og:title\" content=\"Homepage - Guivisa\" \/>\n<meta property=\"og:description\" content=\"[vc_row type=&#8220;full_width&#8220; full_width=&#8220;stretch_row&#8220;][vc_column][rev_slider_vc alias=&#8220;homepage&#8220;][\/vc_column][\/vc_row][vc_row el_class=&#8220;align-center services services-2&#8243; css=&#8220;.vc_custom_1457710614378{padding-top: 60px !important;padding-bottom: 60px !important;background-image: url(http:\/\/www.guivisa.com\/wp-content\/uploads\/2015\/05\/servicios_home.jpg?id=74661) !important;}&#8220;][vc_column][vc_custom_heading text=&#8220;Our Services&#8220; font_container=&#8220;tag:h2|text_align:center|color:%23111111&#8243; el_class=&#8220;heading-title-2&#8243;][vc_row_inner][vc_column_inner width=&#8220;1\/3&#8243;][vc_icon icon_fontawesome=&#8220;fa fa-cogs&#8220; color=&#8220;white&#8220; background_style=&#8220;boxed&#8220; background_color=&#8220;custom&#8220; size=&#8220;lg&#8220; align=&#8220;center&#8220; custom_background_color=&#8220;#0b5a9d&#8220; el_class=&#8220; azul&#8220;][vc_column_text] Design + Prozesse Aus einer Kombination von Simulationstechnologie (Novacast) und dem Wissen und Erfahrung unserer Technischen Abteilung, pr\u00fcfen wir die optimale Giessweise jedes einzelnen Gussteiles.[\/vc_column_text][vc_btn title=&#8220;More [&hellip;]\" \/>\n<meta property=\"og:url\" content=\"https:\/\/www.guivisa.com\/de\/\" \/>\n<meta property=\"og:site_name\" content=\"Guivisa\" \/>\n<meta property=\"article:modified_time\" content=\"2017-09-12T11:49:45+00:00\" \/>\n<meta name=\"twitter:card\" content=\"summary_large_image\" \/>\n<meta name=\"twitter:label1\" content=\"Gesch\u00e4tzte Lesezeit\" \/>\n\t<meta name=\"twitter:data1\" content=\"3\u00a0Minuten\" \/>\n<script type=\"application\/ld+json\" class=\"yoast-schema-graph\">{\"@context\":\"https:\/\/schema.org\",\"@graph\":[{\"@type\":\"WebPage\",\"@id\":\"https:\/\/www.guivisa.com\/de\/\",\"url\":\"https:\/\/www.guivisa.com\/de\/\",\"name\":\"Homepage - Guivisa\",\"isPartOf\":{\"@id\":\"https:\/\/www.guivisa.com\/#website\"},\"datePublished\":\"2016-11-10T19:28:28+00:00\",\"dateModified\":\"2017-09-12T11:49:45+00:00\",\"breadcrumb\":{\"@id\":\"https:\/\/www.guivisa.com\/de\/#breadcrumb\"},\"inLanguage\":\"de\",\"potentialAction\":[{\"@type\":\"ReadAction\",\"target\":[\"https:\/\/www.guivisa.com\/de\/\"]}]},{\"@type\":\"BreadcrumbList\",\"@id\":\"https:\/\/www.guivisa.com\/de\/#breadcrumb\",\"itemListElement\":[{\"@type\":\"ListItem\",\"position\":1,\"name\":\"Portada\",\"item\":\"https:\/\/www.guivisa.com\/de\/\"},{\"@type\":\"ListItem\",\"position\":2,\"name\":\"Homepage\"}]},{\"@type\":\"WebSite\",\"@id\":\"https:\/\/www.guivisa.com\/#website\",\"url\":\"https:\/\/www.guivisa.com\/\",\"name\":\"Guivisa\",\"description\":\"\",\"publisher\":{\"@id\":\"https:\/\/www.guivisa.com\/#organization\"},\"potentialAction\":[{\"@type\":\"SearchAction\",\"target\":{\"@type\":\"EntryPoint\",\"urlTemplate\":\"https:\/\/www.guivisa.com\/?s={search_term_string}\"},\"query-input\":{\"@type\":\"PropertyValueSpecification\",\"valueRequired\":true,\"valueName\":\"search_term_string\"}}],\"inLanguage\":\"de\"},{\"@type\":\"Organization\",\"@id\":\"https:\/\/www.guivisa.com\/#organization\",\"name\":\"Guivisa\",\"url\":\"https:\/\/www.guivisa.com\/\",\"logo\":{\"@type\":\"ImageObject\",\"inLanguage\":\"de\",\"@id\":\"https:\/\/www.guivisa.com\/#\/schema\/logo\/image\/\",\"url\":\"https:\/\/www.guivisa.com\/wp-content\/uploads\/2015\/09\/logo1.png\",\"contentUrl\":\"https:\/\/www.guivisa.com\/wp-content\/uploads\/2015\/09\/logo1.png\",\"width\":356,\"height\":55,\"caption\":\"Guivisa\"},\"image\":{\"@id\":\"https:\/\/www.guivisa.com\/#\/schema\/logo\/image\/\"}}]}<\/script>\n<!-- \/ Yoast SEO plugin. -->","yoast_head_json":{"title":"Homepage - Guivisa","robots":{"index":"index","follow":"follow","max-snippet":"max-snippet:-1","max-image-preview":"max-image-preview:large","max-video-preview":"max-video-preview:-1"},"canonical":"https:\/\/www.guivisa.com\/de\/","og_locale":"de_DE","og_type":"article","og_title":"Homepage - Guivisa","og_description":"[vc_row type=&#8220;full_width&#8220; full_width=&#8220;stretch_row&#8220;][vc_column][rev_slider_vc alias=&#8220;homepage&#8220;][\/vc_column][\/vc_row][vc_row el_class=&#8220;align-center services services-2&#8243; css=&#8220;.vc_custom_1457710614378{padding-top: 60px !important;padding-bottom: 60px !important;background-image: url(http:\/\/www.guivisa.com\/wp-content\/uploads\/2015\/05\/servicios_home.jpg?id=74661) !important;}&#8220;][vc_column][vc_custom_heading text=&#8220;Our Services&#8220; font_container=&#8220;tag:h2|text_align:center|color:%23111111&#8243; el_class=&#8220;heading-title-2&#8243;][vc_row_inner][vc_column_inner width=&#8220;1\/3&#8243;][vc_icon icon_fontawesome=&#8220;fa fa-cogs&#8220; color=&#8220;white&#8220; background_style=&#8220;boxed&#8220; background_color=&#8220;custom&#8220; size=&#8220;lg&#8220; align=&#8220;center&#8220; custom_background_color=&#8220;#0b5a9d&#8220; el_class=&#8220; azul&#8220;][vc_column_text] Design + Prozesse Aus einer Kombination von Simulationstechnologie (Novacast) und dem Wissen und Erfahrung unserer Technischen Abteilung, pr\u00fcfen wir die optimale Giessweise jedes einzelnen Gussteiles.[\/vc_column_text][vc_btn title=&#8220;More [&hellip;]","og_url":"https:\/\/www.guivisa.com\/de\/","og_site_name":"Guivisa","article_modified_time":"2017-09-12T11:49:45+00:00","twitter_card":"summary_large_image","twitter_misc":{"Gesch\u00e4tzte Lesezeit":"3\u00a0Minuten"},"schema":{"@context":"https:\/\/schema.org","@graph":[{"@type":"WebPage","@id":"https:\/\/www.guivisa.com\/de\/","url":"https:\/\/www.guivisa.com\/de\/","name":"Homepage - Guivisa","isPartOf":{"@id":"https:\/\/www.guivisa.com\/#website"},"datePublished":"2016-11-10T19:28:28+00:00","dateModified":"2017-09-12T11:49:45+00:00","breadcrumb":{"@id":"https:\/\/www.guivisa.com\/de\/#breadcrumb"},"inLanguage":"de","potentialAction":[{"@type":"ReadAction","target":["https:\/\/www.guivisa.com\/de\/"]}]},{"@type":"BreadcrumbList","@id":"https:\/\/www.guivisa.com\/de\/#breadcrumb","itemListElement":[{"@type":"ListItem","position":1,"name":"Portada","item":"https:\/\/www.guivisa.com\/de\/"},{"@type":"ListItem","position":2,"name":"Homepage"}]},{"@type":"WebSite","@id":"https:\/\/www.guivisa.com\/#website","url":"https:\/\/www.guivisa.com\/","name":"Guivisa","description":"","publisher":{"@id":"https:\/\/www.guivisa.com\/#organization"},"potentialAction":[{"@type":"SearchAction","target":{"@type":"EntryPoint","urlTemplate":"https:\/\/www.guivisa.com\/?s={search_term_string}"},"query-input":{"@type":"PropertyValueSpecification","valueRequired":true,"valueName":"search_term_string"}}],"inLanguage":"de"},{"@type":"Organization","@id":"https:\/\/www.guivisa.com\/#organization","name":"Guivisa","url":"https:\/\/www.guivisa.com\/","logo":{"@type":"ImageObject","inLanguage":"de","@id":"https:\/\/www.guivisa.com\/#\/schema\/logo\/image\/","url":"https:\/\/www.guivisa.com\/wp-content\/uploads\/2015\/09\/logo1.png","contentUrl":"https:\/\/www.guivisa.com\/wp-content\/uploads\/2015\/09\/logo1.png","width":356,"height":55,"caption":"Guivisa"},"image":{"@id":"https:\/\/www.guivisa.com\/#\/schema\/logo\/image\/"}}]}},"_links":{"self":[{"href":"https:\/\/www.guivisa.com\/de\/wp-json\/wp\/v2\/pages\/75570","targetHints":{"allow":["GET"]}}],"collection":[{"href":"https:\/\/www.guivisa.com\/de\/wp-json\/wp\/v2\/pages"}],"about":[{"href":"https:\/\/www.guivisa.com\/de\/wp-json\/wp\/v2\/types\/page"}],"author":[{"embeddable":true,"href":"https:\/\/www.guivisa.com\/de\/wp-json\/wp\/v2\/users\/1"}],"replies":[{"embeddable":true,"href":"https:\/\/www.guivisa.com\/de\/wp-json\/wp\/v2\/comments?post=75570"}],"version-history":[{"count":3,"href":"https:\/\/www.guivisa.com\/de\/wp-json\/wp\/v2\/pages\/75570\/revisions"}],"predecessor-version":[{"id":75602,"href":"https:\/\/www.guivisa.com\/de\/wp-json\/wp\/v2\/pages\/75570\/revisions\/75602"}],"wp:attachment":[{"href":"https:\/\/www.guivisa.com\/de\/wp-json\/wp\/v2\/media?parent=75570"}],"curies":[{"name":"wp","href":"https:\/\/api.w.org\/{rel}","templated":true}]}}